{"id":249,"date":"2017-04-21T15:46:51","date_gmt":"2017-04-21T13:46:51","guid":{"rendered":"http:\/\/www.mediapark.de\/?page_id=249"},"modified":"2018-04-12T15:12:55","modified_gmt":"2018-04-12T13:12:55","slug":"home","status":"publish","type":"page","link":"https:\/\/www.mediapark.de\/en\/","title":{"rendered":"Home"},"content":{"rendered":"<div class=\"wpb-content-wrapper\"><p>[vc_row][vc_column width=&#8221;1\/2&#8243; offset=&#8221;vc_col-lg-offset-0 vc_col-lg-4 vc_col-md-offset-0 vc_col-md-4 vc_col-sm-offset-0 vc_col-xs-12&#8243;]<div class='custom_teaser_box'>\n\t\t<div class='row'>\n\t\t\t<div class='col-xs-12'>\n\t\t\t\t<img class='page_teaser_image' alt='MediaPark for visitors' src='https:\/\/www.mediapark.de\/wp-content\/uploads\/2017\/04\/Mediapark_Besucher-360x240.jpg' \/>\n\t\t\t<\/div>\n\t\t<\/div>\n\n\t\t<div class='row'>\n\t\t\t<div class='col-xs-12'>\n\t\t\t\t<div class='site_teaser_content color-grey-darkest text-grey'>\n\t\t\t\t\t<h2>MediaPark for visitors<\/h2>\n\t\t\t\t\tAlmost everything the MediaPark Cologne has to offer to its little and grown visitors, residents and employees.\n\t\t\t\t<\/div>\n\t\t\t<\/div>\n\t\t<\/div>\n\t\n\t\t<div class='row'>\n\t\t\t<div class='col-xs-12'>\n\t\t\t\t<div class='teaser_link color-blue-bright text-center'>\n\t\t\t\t\t<a href='http:\/\/www.mediapark.de\/en\/mediapark-for-visitors\/' title='MediaPark for visitors'>MediaPark for visitors<\/a><br>\n\t\t\t\t<\/div>\n\t\t\t<\/div>\n\t\t<\/div>\n<div class='row hide-xs'>&nbsp;<\/div>\n<\/div>[\/vc_column][vc_column width=&#8221;1\/2&#8243; offset=&#8221;vc_col-lg-offset-0 vc_col-lg-4 vc_col-md-offset-0 vc_col-md-4 vc_col-sm-offset-0 vc_col-xs-12&#8243;]<div class='custom_teaser_box'>\n\t\t<div class='row'>\n\t\t\t<div class='col-xs-12'>\n\t\t\t\t<img class='page_teaser_image' alt='Rental space in MediaPark ' src='https:\/\/www.mediapark.de\/wp-content\/uploads\/2017\/04\/IMG_4981-1-360x240.jpg' \/>\n\t\t\t<\/div>\n\t\t<\/div>\n\n\t\t<div class='row'>\n\t\t\t<div class='col-xs-12'>\n\t\t\t\t<div class='site_teaser_content color-grey-darkest text-grey'>\n\t\t\t\t\t<h2>Rental space in MediaPark <\/h2>\n\t\t\t\t\tIn the MediaPark you will find high-quality, modern office and commercial space in all sizes, best neighbors and prospects as well as a charming environment in the best inner city location.\n\t\t\t\t<\/div>\n\t\t\t<\/div>\n\t\t<\/div>\n\t\n\t\t<div class='row'>\n\t\t\t<div class='col-xs-12'>\n\t\t\t\t<div class='teaser_link color-blue-bright text-center'>\n\t\t\t\t\t<a href='http:\/\/www.mediapark.de\/en\/central-place-in-mediapark\/' title='Rental space in MediaPark'>Rental space in MediaPark<\/a><br>\n\t\t\t\t<\/div>\n\t\t\t<\/div>\n\t\t<\/div>\n<div class='row hide-xs'>&nbsp;<\/div>\n<\/div>[\/vc_column][vc_column width=&#8221;1\/2&#8243; offset=&#8221;vc_col-lg-offset-0 vc_col-lg-4 vc_col-md-offset-0 vc_col-md-4 vc_col-sm-offset-0 vc_col-xs-12&#8243;]<div class='custom_teaser_box'>\n\t\t<div class='row'>\n\t\t\t<div class='col-xs-12'>\n\t\t\t\t<img class='page_teaser_image' alt='MediaPark buildings' src='https:\/\/www.mediapark.de\/wp-content\/uploads\/2017\/04\/panorama-1-360x240.jpg' \/>\n\t\t\t<\/div>\n\t\t<\/div>\n\n\t\t<div class='row'>\n\t\t\t<div class='col-xs-12'>\n\t\t\t\t<div class='site_teaser_content color-grey-darkest text-grey'>\n\t\t\t\t\t<h2>MediaPark buildings<\/h2>\n\t\t\t\t\tImpressive, fascinating - every single building in the MediaPark is a work of art in itself - and at the same time part of the whole ensemble\n\t\t\t\t<\/div>\n\t\t\t<\/div>\n\t\t<\/div>\n\t\n\t\t<div class='row'>\n\t\t\t<div class='col-xs-12'>\n\t\t\t\t<div class='teaser_link color-blue-bright text-center'>\n\t\t\t\t\t<a href='http:\/\/www.mediapark.de\/en\/location-mediapark\/' title='MediaPark buildings'>MediaPark buildings<\/a><br>\n\t\t\t\t<\/div>\n\t\t\t<\/div>\n\t\t<\/div>\n<div class='row hide-xs'>&nbsp;<\/div>\n<\/div>[\/vc_column][vc_column width=&#8221;1\/2&#8243; offset=&#8221;vc_col-lg-offset-0 vc_col-lg-8 vc_col-md-offset-0 vc_col-md-8 vc_col-sm-offset-0 vc_col-xs-12&#8243;]<div class=\"row\">\n\t\t\t<div class='col-xs-12 col-sm-12 col-md-6 col-lg-6'>\n\t\t\t\t<div class='row'>\n\t\t\t\t\t<div class='col-xs-12'>\n\t\t\t\t\t\t<div class='categorie_teaser_head color-grey-darkest'>\n\t\t\t\t\t\t\t<h2>Companies in MediaPark<\/h2>\n\t\t\t\t\t\t<\/div>\n\t\t\t\t\t<\/div>\n\t\t\t\t<\/div>\n\t\t\t\t<div class='row'>\n\t\t\t\t\t<div class='col-xs-12'>\n\t\t\t\t\t\t<div class='categorie_teaser_content color-grey'>\n\t\t\t\t\t\t\t<a href='https:\/\/www.mediapark.de\/unternehmen-ansicht\/timetoact-group\/' title='TIMETOACT GROUP'>\n\t\t\t\t\t\t\t\t<div class='dynamic_teaser_image company_logo_padding clearfix'>\n\t\t\t\t\t\t\t\t\t<img decoding=\"async\" src=\"https:\/\/www.mediapark.de\/wp-content\/uploads\/2026\/01\/Timetoact-Group_Logo-2026-300x74.png\" alt='TIMETOACT GROUP' title='TIMETOACT GROUP' class='dynamic_teaser_image'\/>\n\t\t\t\t\t\t\t\t<\/div>\n\t\t\t\t\t\t\t<\/a>\n\t\t\t\t\t\t\t<div class='categorie_teaser_text'>\n\t\t\t\t\t\t\t\t<a href='https:\/\/www.mediapark.de\/unternehmen-ansicht\/timetoact-group\/' title='TIMETOACT GROUP'>TIMETOACT GROUP<\/a>\n\t\t\t\t\t\t\t<\/div>\n\t\t\t\t\t\t<\/div>\n\t\t\t\t\t<\/div>\n\t\t\t\t<\/div>\n\t\t\t\t<div class='row'>\n\t\t\t\t\t<div class='col-xs-12'>\n\t\t\t\t\t\t<div class='categorie_teaser_content color-grey-brighter'>\n\t\t\t\t\t\t\t<a href='https:\/\/www.mediapark.de\/unternehmen-ansicht\/excellent-business-center-gmbh\/' title='Excellent Business Center GmbH'>\n\t\t\t\t\t\t\t\t<div class='dynamic_teaser_image clearfix'>\n\t\t\t\t\t\t\t\t\t<img src='\/wp-content\/themes\/mediapark\/img\/no-list-image.png' alt='no-image' title='Excellent Business Center GmbH' class='dynamic_teaser_image'\/>\n\t\t\t\t\t\t\t\t<\/div>\n\t\t\t\t\t\t\t<\/a>\n\t\t\t\t\t\t\t<div class='categorie_teaser_text'>\n\t\t\t\t\t\t\t\t<a href='https:\/\/www.mediapark.de\/unternehmen-ansicht\/excellent-business-center-gmbh\/' title='Excellent Business Center GmbH'>Excellent Business Center GmbH<\/a>\n\t\t\t\t\t\t\t<\/div>\n\t\t\t\t\t\t<\/div>\n\t\t\t\t\t<\/div>\n\t\t\t\t<\/div>\n\t\t\t\t<div class='row'>\n\t\t\t\t\t<div class='col-xs-12'>\n\t\t\t\t\t\t<div class='categorie_teaser_content color-grey-brightest'>\n\t\t\t\t\t\t\t<a href='https:\/\/www.mediapark.de\/unternehmen-ansicht\/ogulo-gmbh\/' title='Ogulo Gmbh'>\n\t\t\t\t\t\t\t\t<div class='dynamic_teaser_image company_logo_padding clearfix'>\n\t\t\t\t\t\t\t\t\t<img decoding=\"async\" src=\"https:\/\/www.mediapark.de\/wp-content\/uploads\/2026\/02\/ogulo-logo-blau-300x173.png\" alt='Ogulo Gmbh' title='Ogulo Gmbh' class='dynamic_teaser_image'\/>\n\t\t\t\t\t\t\t\t<\/div>\n\t\t\t\t\t\t\t<\/a>\n\t\t\t\t\t\t\t<div class='categorie_teaser_text'>\n\t\t\t\t\t\t\t\t<a href='https:\/\/www.mediapark.de\/unternehmen-ansicht\/ogulo-gmbh\/' title='Ogulo Gmbh'>Ogulo Gmbh<\/a>\n\t\t\t\t\t\t\t<\/div>\n\t\t\t\t\t\t<\/div>\n\t\t\t\t\t<\/div>\n\t\t\t\t<\/div>\n\t\t\t<div class='row'>\n\t\t\t\t<div class='col-xs-12'>\n\t\t\t\t\t<div class='teaser_link color-blue-bright text-center'>\n\t\t\t\t\t\t<a href='http:\/\/www.mediapark.de\/en\/unternehmen\/' title='All companies'>All companies<\/a><br>\n\t\t\t\t\t<\/div>\n\t\t\t\t<\/div>\n\t\t\t<\/div>\n\t\t<\/div>\n\t\t\t<div class='col-xs-12 col-sm-12 col-md-6 col-lg-6 second_teaser_float'>\n\t\t\t\t<div class='row'>\n\t\t\t\t\t<div class='col-xs-12'>\n\t\t\t\t\t\t<div class='categorie_teaser_head color-grey-darkest'>\n\t\t\t\t\t\t\t<h2>More companies in Mediapark<\/h2>\n\t\t\t\t\t\t<\/div>\n\t\t\t\t\t<\/div>\n\t\t\t\t<\/div>\n\t\t\t\t<div class='row'>\n\t\t\t\t\t<div class='col-xs-12'>\n\t\t\t\t\t\t<div class='categorie_teaser_content color-grey'>\n\t\t\t\t\t\t\t<a href='https:\/\/www.mediapark.de\/unternehmen-ansicht\/zentralarchiv-des-internationalen-kunsthandels-e-v-zadik-2\/' title='Universit\u00e4t zu K\u00f6ln | ZADIK | Zentralarchiv f\u00fcr deutsche und internationale Kunstmarktforschung'>\n\t\t\t\t\t\t\t\t<div class='dynamic_teaser_image company_logo_padding clearfix'>\n\t\t\t\t\t\t\t\t\t<img decoding=\"async\" src=\"https:\/\/www.mediapark.de\/wp-content\/uploads\/2017\/06\/02-zadik-logo-ausgeschrieben-magenta-grey-300x73.jpg\" alt='Universit\u00e4t zu K\u00f6ln | ZADIK | Zentralarchiv f\u00fcr deutsche und internationale Kunstmarktforschung' title='Universit\u00e4t zu K\u00f6ln | ZADIK | Zentralarchiv f\u00fcr deutsche und internationale Kunstmarktforschung' class='dynamic_teaser_image'\/>\n\t\t\t\t\t\t\t\t<\/div>\n\t\t\t\t\t\t\t<\/a>\n\t\t\t\t\t\t\t<div class='categorie_teaser_text'>\n\t\t\t\t\t\t\t\t<a href='https:\/\/www.mediapark.de\/unternehmen-ansicht\/zentralarchiv-des-internationalen-kunsthandels-e-v-zadik-2\/' title='Universit\u00e4t zu K\u00f6ln | ZADIK | Zentralarchiv f\u00fcr deutsche und internationale Kunstmarktforschung'>Universit\u00e4t zu K\u00f6ln | ZADIK | Zentralarchiv f\u00fcr deutsche und internationale Kunstmarktforschung<\/a>\n\t\t\t\t\t\t\t<\/div>\n\t\t\t\t\t\t<\/div>\n\t\t\t\t\t<\/div>\n\t\t\t\t<\/div>\n\t\t\t\t<div class='row'>\n\t\t\t\t\t<div class='col-xs-12'>\n\t\t\t\t\t\t<div class='categorie_teaser_content color-grey-brighter'>\n\t\t\t\t\t\t\t<a href='https:\/\/www.mediapark.de\/unternehmen-ansicht\/fotoakademie-koeln\/' title='Fotoakademie-Koeln'>\n\t\t\t\t\t\t\t\t<div class='dynamic_teaser_image company_logo_padding clearfix'>\n\t\t\t\t\t\t\t\t\t<img decoding=\"async\" src=\"https:\/\/www.mediapark.de\/wp-content\/uploads\/2017\/06\/2014-07-17-fotoakademie-koeln-300x158.jpg\" alt='Fotoakademie-Koeln' title='Fotoakademie-Koeln' class='dynamic_teaser_image'\/>\n\t\t\t\t\t\t\t\t<\/div>\n\t\t\t\t\t\t\t<\/a>\n\t\t\t\t\t\t\t<div class='categorie_teaser_text'>\n\t\t\t\t\t\t\t\t<a href='https:\/\/www.mediapark.de\/unternehmen-ansicht\/fotoakademie-koeln\/' title='Fotoakademie-Koeln'>Fotoakademie-Koeln<\/a>\n\t\t\t\t\t\t\t<\/div>\n\t\t\t\t\t\t<\/div>\n\t\t\t\t\t<\/div>\n\t\t\t\t<\/div>\n\t\t\t\t<div class='row'>\n\t\t\t\t\t<div class='col-xs-12'>\n\t\t\t\t\t\t<div class='categorie_teaser_content color-grey-brightest'>\n\t\t\t\t\t\t\t<a href='https:\/\/www.mediapark.de\/unternehmen-ansicht\/neuland-gmbh-co-kg\/' title='neuland GmbH Co KG'>\n\t\t\t\t\t\t\t\t<div class='dynamic_teaser_image clearfix'>\n\t\t\t\t\t\t\t\t\t<img src='\/wp-content\/themes\/mediapark\/img\/no-list-image.png' alt='no-image' title='neuland GmbH Co KG' class='dynamic_teaser_image'\/>\n\t\t\t\t\t\t\t\t<\/div>\n\t\t\t\t\t\t\t<\/a>\n\t\t\t\t\t\t\t<div class='categorie_teaser_text'>\n\t\t\t\t\t\t\t\t<a href='https:\/\/www.mediapark.de\/unternehmen-ansicht\/neuland-gmbh-co-kg\/' title='neuland GmbH Co KG'>neuland GmbH Co KG<\/a>\n\t\t\t\t\t\t\t<\/div>\n\t\t\t\t\t\t<\/div>\n\t\t\t\t\t<\/div>\n\t\t\t\t<\/div>\n\t\t\t<div class='row'>\n\t\t\t\t<div class='col-xs-12'>\n\t\t\t\t\t<div class='teaser_link color-blue-bright text-center'>\n\t\t\t\t\t\t<a href='http:\/\/www.mediapark.de\/en\/unternehmen\/' title='All companies'>All companies<\/a><br>\n\t\t\t\t\t<\/div>\n\t\t\t\t<\/div>\n\t\t\t<\/div>\n\t\t<\/div><\/div>[\/vc_column][\/vc_row]<\/p>\n<\/div>","protected":false},"excerpt":{"rendered":"<p>[vc_row][vc_column width=&#8221;1\/2&#8243; offset=&#8221;vc_col-lg-offset-0 vc_col-lg-4 vc_col-md-offset-0 vc_col-md-4 vc_col-sm-offset-0 vc_col-xs-12&#8243;][\/vc_column][vc_column width=&#8221;1\/2&#8243; offset=&#8221;vc_col-lg-offset-0 vc_col-lg-4 vc_col-md-offset-0 vc_col-md-4 vc_col-sm-offset-0 vc_col-xs-12&#8243;][\/vc_column][vc_column width=&#8221;1\/2&#8243; offset=&#8221;vc_col-lg-offset-0 vc_col-lg-4 vc_col-md-offset-0 vc_col-md-4 vc_col-sm-offset-0 vc_col-xs-12&#8243;][\/vc_column][vc_column width=&#8221;1\/2&#8243; offset=&#8221;vc_col-lg-offset-0 vc_col-lg-8 vc_col-md-offset-0 vc_col-md-8 vc_col-sm-offset-0 vc_col-xs-12&#8243;][\/vc_column][\/vc_row]<\/p>\n","protected":false},"author":1,"featured_media":0,"parent":0,"menu_order":1,"comment_status":"closed","ping_status":"closed","template":"","meta":{"_acf_changed":false,"footnotes":""},"class_list":["post-249","page","type-page","status-publish","hentry"],"acf":[],"yoast_head":"<!-- This site is optimized with the Yoast SEO plugin v24.2 - https:\/\/yoast.com\/wordpress\/plugins\/seo\/ -->\n<title>MediaPark K\u00f6ln www.mediapark.de privater Platz Unternehmensstandort<\/title>\n<meta name=\"description\" content=\"Der MediaPark ist ein \u00f6ffentlicher Platz mitten in K\u00f6ln mit vielen M\u00f6glichkeiten: Relaxen, Gastronomie, Kultur, \u00f6ffentliche und private Einrichtungen...\" \/>\n<meta name=\"robots\" content=\"index, follow, max-snippet:-1, max-image-preview:large, max-video-preview:-1\" \/>\n<link rel=\"canonical\" href=\"https:\/\/www.mediapark.de\/en\/\" \/>\n<meta property=\"og:locale\" content=\"en_US\" \/>\n<meta property=\"og:type\" content=\"article\" \/>\n<meta property=\"og:title\" content=\"MediaPark K\u00f6ln www.mediapark.de privater Platz Unternehmensstandort\" \/>\n<meta property=\"og:description\" content=\"Der MediaPark ist ein \u00f6ffentlicher Platz mitten in K\u00f6ln mit vielen M\u00f6glichkeiten: Relaxen, Gastronomie, Kultur, \u00f6ffentliche und private Einrichtungen...\" \/>\n<meta property=\"og:url\" content=\"https:\/\/www.mediapark.de\/en\/\" \/>\n<meta property=\"og:site_name\" content=\"MediaPark K\u00f6ln\" \/>\n<meta property=\"article:publisher\" content=\"http:\/\/www.facebook.com\/pages\/MediaPark\/360959134018223\" \/>\n<meta property=\"article:modified_time\" content=\"2018-04-12T13:12:55+00:00\" \/>\n<meta name=\"twitter:card\" content=\"summary_large_image\" \/>\n<meta name=\"twitter:site\" content=\"@MediaParkKoeln\" \/>\n<meta name=\"twitter:label1\" content=\"Est. reading time\" \/>\n\t<meta name=\"twitter:data1\" content=\"1 minute\" \/>\n<script type=\"application\/ld+json\" class=\"yoast-schema-graph\">{\"@context\":\"https:\/\/schema.org\",\"@graph\":[{\"@type\":\"WebPage\",\"@id\":\"https:\/\/www.mediapark.de\/en\/\",\"url\":\"https:\/\/www.mediapark.de\/en\/\",\"name\":\"MediaPark K\u00f6ln www.mediapark.de privater Platz Unternehmensstandort\",\"isPartOf\":{\"@id\":\"https:\/\/www.mediapark.de\/#website\"},\"datePublished\":\"2017-04-21T13:46:51+00:00\",\"dateModified\":\"2018-04-12T13:12:55+00:00\",\"description\":\"Der MediaPark ist ein \u00f6ffentlicher Platz mitten in K\u00f6ln mit vielen M\u00f6glichkeiten: Relaxen, Gastronomie, Kultur, \u00f6ffentliche und private Einrichtungen...\",\"breadcrumb\":{\"@id\":\"https:\/\/www.mediapark.de\/en\/#breadcrumb\"},\"inLanguage\":\"en-US\",\"potentialAction\":[{\"@type\":\"ReadAction\",\"target\":[\"https:\/\/www.mediapark.de\/en\/\"]}]},{\"@type\":\"BreadcrumbList\",\"@id\":\"https:\/\/www.mediapark.de\/en\/#breadcrumb\",\"itemListElement\":[{\"@type\":\"ListItem\",\"position\":1,\"name\":\"Startseite\",\"item\":\"https:\/\/www.mediapark.de\/en\/\"},{\"@type\":\"ListItem\",\"position\":2,\"name\":\"Home\"}]},{\"@type\":\"WebSite\",\"@id\":\"https:\/\/www.mediapark.de\/#website\",\"url\":\"https:\/\/www.mediapark.de\/\",\"name\":\"MediaPark K\u00f6ln\",\"description\":\"\",\"potentialAction\":[{\"@type\":\"SearchAction\",\"target\":{\"@type\":\"EntryPoint\",\"urlTemplate\":\"https:\/\/www.mediapark.de\/?s={search_term_string}\"},\"query-input\":{\"@type\":\"PropertyValueSpecification\",\"valueRequired\":true,\"valueName\":\"search_term_string\"}}],\"inLanguage\":\"en-US\"}]}<\/script>\n<!-- \/ Yoast SEO plugin. -->","yoast_head_json":{"title":"MediaPark K\u00f6ln www.mediapark.de privater Platz Unternehmensstandort","description":"Der MediaPark ist ein \u00f6ffentlicher Platz mitten in K\u00f6ln mit vielen M\u00f6glichkeiten: Relaxen, Gastronomie, Kultur, \u00f6ffentliche und private Einrichtungen...","robots":{"index":"index","follow":"follow","max-snippet":"max-snippet:-1","max-image-preview":"max-image-preview:large","max-video-preview":"max-video-preview:-1"},"canonical":"https:\/\/www.mediapark.de\/en\/","og_locale":"en_US","og_type":"article","og_title":"MediaPark K\u00f6ln www.mediapark.de privater Platz Unternehmensstandort","og_description":"Der MediaPark ist ein \u00f6ffentlicher Platz mitten in K\u00f6ln mit vielen M\u00f6glichkeiten: Relaxen, Gastronomie, Kultur, \u00f6ffentliche und private Einrichtungen...","og_url":"https:\/\/www.mediapark.de\/en\/","og_site_name":"MediaPark K\u00f6ln","article_publisher":"http:\/\/www.facebook.com\/pages\/MediaPark\/360959134018223","article_modified_time":"2018-04-12T13:12:55+00:00","twitter_card":"summary_large_image","twitter_site":"@MediaParkKoeln","twitter_misc":{"Est. reading time":"1 minute"},"schema":{"@context":"https:\/\/schema.org","@graph":[{"@type":"WebPage","@id":"https:\/\/www.mediapark.de\/en\/","url":"https:\/\/www.mediapark.de\/en\/","name":"MediaPark K\u00f6ln www.mediapark.de privater Platz Unternehmensstandort","isPartOf":{"@id":"https:\/\/www.mediapark.de\/#website"},"datePublished":"2017-04-21T13:46:51+00:00","dateModified":"2018-04-12T13:12:55+00:00","description":"Der MediaPark ist ein \u00f6ffentlicher Platz mitten in K\u00f6ln mit vielen M\u00f6glichkeiten: Relaxen, Gastronomie, Kultur, \u00f6ffentliche und private Einrichtungen...","breadcrumb":{"@id":"https:\/\/www.mediapark.de\/en\/#breadcrumb"},"inLanguage":"en-US","potentialAction":[{"@type":"ReadAction","target":["https:\/\/www.mediapark.de\/en\/"]}]},{"@type":"BreadcrumbList","@id":"https:\/\/www.mediapark.de\/en\/#breadcrumb","itemListElement":[{"@type":"ListItem","position":1,"name":"Startseite","item":"https:\/\/www.mediapark.de\/en\/"},{"@type":"ListItem","position":2,"name":"Home"}]},{"@type":"WebSite","@id":"https:\/\/www.mediapark.de\/#website","url":"https:\/\/www.mediapark.de\/","name":"MediaPark K\u00f6ln","description":"","potentialAction":[{"@type":"SearchAction","target":{"@type":"EntryPoint","urlTemplate":"https:\/\/www.mediapark.de\/?s={search_term_string}"},"query-input":{"@type":"PropertyValueSpecification","valueRequired":true,"valueName":"search_term_string"}}],"inLanguage":"en-US"}]}},"_links":{"self":[{"href":"https:\/\/www.mediapark.de\/en\/wp-json\/wp\/v2\/pages\/249","targetHints":{"allow":["GET"]}}],"collection":[{"href":"https:\/\/www.mediapark.de\/en\/wp-json\/wp\/v2\/pages"}],"about":[{"href":"https:\/\/www.mediapark.de\/en\/wp-json\/wp\/v2\/types\/page"}],"author":[{"embeddable":true,"href":"https:\/\/www.mediapark.de\/en\/wp-json\/wp\/v2\/users\/1"}],"replies":[{"embeddable":true,"href":"https:\/\/www.mediapark.de\/en\/wp-json\/wp\/v2\/comments?post=249"}],"version-history":[{"count":20,"href":"https:\/\/www.mediapark.de\/en\/wp-json\/wp\/v2\/pages\/249\/revisions"}],"predecessor-version":[{"id":3297,"href":"https:\/\/www.mediapark.de\/en\/wp-json\/wp\/v2\/pages\/249\/revisions\/3297"}],"wp:attachment":[{"href":"https:\/\/www.mediapark.de\/en\/wp-json\/wp\/v2\/media?parent=249"}],"curies":[{"name":"wp","href":"https:\/\/api.w.org\/{rel}","templated":true}]}}