{"id":836,"date":"2017-05-11T15:36:43","date_gmt":"2017-05-11T13:36:43","guid":{"rendered":"http:\/\/www.mediapark.de\/?page_id=836\/"},"modified":"2017-05-12T12:34:30","modified_gmt":"2017-05-12T10:34:30","slug":"permits","status":"publish","type":"page","link":"https:\/\/www.mediapark.de\/en\/central-place-in-mediapark\/permits\/","title":{"rendered":"Permits"},"content":{"rendered":"<div class=\"wpb-content-wrapper\"><p>[vc_row][vc_column][vc_single_image image=&#8221;634&#8243; img_size=&#8221;full&#8221; alignment=&#8221;center&#8221; el_class=&#8221;content-title-image&#8221;][\/vc_column][\/vc_row][vc_row][vc_column width=&#8221;1\/3&#8243; offset=&#8221;vc_col-lg-3 vc_col-md-4 vc_hidden-sm vc_col-xs-12 vc_hidden-xs&#8221;][\/vc_column][vc_column css=&#8221;.vc_custom_1494321748347{background-color: #ffffff !important;}&#8221; offset=&#8221;vc_col-lg-9 vc_col-md-8 vc_col-xs-12&#8243;][vc_row_inner][vc_column_inner el_class=&#8221;content-headline&#8221;][vc_column_text]<\/p>\n<h1>Permits<\/h1>\n<p>[\/vc_column_text][\/vc_column_inner][\/vc_row_inner][vc_column_text]<\/p>\n<div class=\"csc-textpic-text\">\n<p class=\"bodytext\"><b>Permits for access and driving on the central place in the MediaPark<\/b><\/p>\n<p class=\"bodytext\">Permissions are issued by the MediaPark K\u00f6ln Entwicklungsgesellschaft mbH.<\/p>\n<p>Download application for a permit:<br \/>\n<a class=\"download\" title=\"Initiates file download\" href=\"https:\/\/www.mediapark.de\/fileadmin\/user_upload\/documents\/Formular_Platzbefahrung_LKW.pdf\">Truck.pdf (117 kB)<\/a><br \/>\n<a class=\"download\" title=\"Initiates file download\" href=\"https:\/\/www.mediapark.de\/fileadmin\/user_upload\/documents\/Formular_Platzbefahrung_PKW.pdf\">Car.pdf (112 kB)<\/a><\/p>\n<p>Contact:<br \/>\nMediaPark K\u00f6ln Entwicklungsgesellschaft mbH<br \/>\nTel.: 0221.5743-100<br \/>\nE-Mail: <a class=\"mail\" title=\"Opens window for sending email\" href=\"mailto:info@mediapark.de\" target=\"_blank\" rel=\"noopener noreferrer\">info@mediapark.de <\/a><\/p>\n<p>Permits for events and for using the side streets and in the immediate vicinity of the buildings are exclusively\u00a0 issued by the respective property managers.<\/p>\n<p class=\"bodytext\">The green area between MediaPark and the Saturn store is municipal ground. For permits, please contact the \u201cAmt f\u00fcr Landschaftspflege und Gr\u00fcnfl\u00e4chen\u201d: <a class=\"external-link-new-window\" title=\"Opens external link in new window\" href=\"http:\/\/www.stadt-koeln.de\/buergerservice\/adressen\/00068\/\" target=\"_blank\" rel=\"noopener noreferrer\">http:\/\/www.stadt-koeln.de\/buergerservice\/adressen\/00068\/<br \/>\n<\/a><\/p>\n<p class=\"bodytext\"><b>Event Permits for the central place in the MediaPark<\/b><\/p>\n<p class=\"bodytext\">Event permits are issued by the MediaPark K\u00f6ln Entwicklungsgesellschaft mbH.<\/p>\n<p>Contact:<br \/>\nMediaPark K\u00f6ln Entwicklungsgesellschaft mbH<br \/>\nTel.: 0221.5743-100<br \/>\nE-Mail: <a href=\"mailto:info@mediapark.de%20\" target=\"_blank\" rel=\"noopener noreferrer\">info@mediapark.de <\/a><\/p>\n<p><b><br \/>\nFilming Permits<\/b><\/p>\n<p class=\"bodytext\">Filming permits for the central place in the MediaPark are issued by the MediaPark K\u00f6ln Entwicklungsgesellschaft mbH.<\/p>\n<p class=\"bodytext\">Contact:<br \/>\nMediaPark K\u00f6ln Entwicklungsgesellschaft mbH<br \/>\nTel.: 0221.5743-100<br \/>\nE-Mail: <a href=\"mailto:info@mediapark.de%20\" target=\"_blank\" rel=\"noopener noreferrer\">info@mediapark.de <\/a><\/p>\n<\/div>\n<p>[\/vc_column_text][\/vc_column][\/vc_row]<\/p>\n<\/div>","protected":false},"excerpt":{"rendered":"<p>[vc_row][vc_column][vc_single_image image=&#8221;634&#8243; img_size=&#8221;full&#8221; alignment=&#8221;center&#8221; el_class=&#8221;content-title-image&#8221;][\/vc_column][\/vc_row][vc_row][vc_column width=&#8221;1\/3&#8243; offset=&#8221;vc_col-lg-3 vc_col-md-4 vc_hidden-sm vc_col-xs-12 vc_hidden-xs&#8221;][\/vc_column][vc_column css=&#8221;.vc_custom_1494321748347{background-color: #ffffff !important;}&#8221; offset=&#8221;vc_col-lg-9 vc_col-md-8 vc_col-xs-12&#8243;][vc_row_inner][vc_column_inner el_class=&#8221;content-headline&#8221;][vc_column_text] Permits [\/vc_column_text][\/vc_column_inner][\/vc_row_inner][vc_column_text] Permits for access and driving on the central place in the MediaPark Permissions are issued by the MediaPark K\u00f6ln Entwicklungsgesellschaft mbH. Download application for a permit: Truck.pdf (117 kB) Car.pdf (112 kB) Contact: MediaPark K\u00f6ln&hellip;<\/p>\n","protected":false},"author":1,"featured_media":0,"parent":833,"menu_order":3,"comment_status":"closed","ping_status":"closed","template":"","meta":{"_acf_changed":false,"footnotes":""},"class_list":["post-836","page","type-page","status-publish","hentry"],"acf":[],"yoast_head":"<!-- This site is optimized with the Yoast SEO plugin v24.2 - https:\/\/yoast.com\/wordpress\/plugins\/seo\/ -->\n<title>Permits - MediaPark K\u00f6ln genehmigung<\/title>\n<meta name=\"description\" content=\"Das Befahren des \u00f6ffentlichen Platzes im MediaPark ist grunds\u00e4tzlich nur mit einer Genehmigung m\u00f6glich, die Formulare und Ansprechpartner finden Sie hier.\" \/>\n<meta name=\"robots\" content=\"index, follow, max-snippet:-1, max-image-preview:large, max-video-preview:-1\" \/>\n<link rel=\"canonical\" href=\"https:\/\/www.mediapark.de\/en\/central-place-in-mediapark\/permits\/\" \/>\n<meta property=\"og:locale\" content=\"en_US\" \/>\n<meta property=\"og:type\" content=\"article\" \/>\n<meta property=\"og:title\" content=\"Permits - MediaPark K\u00f6ln genehmigung\" \/>\n<meta property=\"og:description\" content=\"Das Befahren des \u00f6ffentlichen Platzes im MediaPark ist grunds\u00e4tzlich nur mit einer Genehmigung m\u00f6glich, die Formulare und Ansprechpartner finden Sie hier.\" \/>\n<meta property=\"og:url\" content=\"https:\/\/www.mediapark.de\/en\/central-place-in-mediapark\/permits\/\" \/>\n<meta property=\"og:site_name\" content=\"MediaPark K\u00f6ln\" \/>\n<meta property=\"article:publisher\" content=\"http:\/\/www.facebook.com\/pages\/MediaPark\/360959134018223\" \/>\n<meta property=\"article:modified_time\" content=\"2017-05-12T10:34:30+00:00\" \/>\n<meta name=\"twitter:card\" content=\"summary_large_image\" \/>\n<meta name=\"twitter:site\" content=\"@MediaParkKoeln\" \/>\n<meta name=\"twitter:label1\" content=\"Est. reading time\" \/>\n\t<meta name=\"twitter:data1\" content=\"1 minute\" \/>\n<script type=\"application\/ld+json\" class=\"yoast-schema-graph\">{\"@context\":\"https:\/\/schema.org\",\"@graph\":[{\"@type\":\"WebPage\",\"@id\":\"https:\/\/www.mediapark.de\/en\/central-place-in-mediapark\/permits\/\",\"url\":\"https:\/\/www.mediapark.de\/en\/central-place-in-mediapark\/permits\/\",\"name\":\"Permits - MediaPark K\u00f6ln genehmigung\",\"isPartOf\":{\"@id\":\"https:\/\/www.mediapark.de\/#website\"},\"datePublished\":\"2017-05-11T13:36:43+00:00\",\"dateModified\":\"2017-05-12T10:34:30+00:00\",\"description\":\"Das Befahren des \u00f6ffentlichen Platzes im MediaPark ist grunds\u00e4tzlich nur mit einer Genehmigung m\u00f6glich, die Formulare und Ansprechpartner finden Sie hier.\",\"breadcrumb\":{\"@id\":\"https:\/\/www.mediapark.de\/en\/central-place-in-mediapark\/permits\/#breadcrumb\"},\"inLanguage\":\"en-US\",\"potentialAction\":[{\"@type\":\"ReadAction\",\"target\":[\"https:\/\/www.mediapark.de\/en\/central-place-in-mediapark\/permits\/\"]}]},{\"@type\":\"BreadcrumbList\",\"@id\":\"https:\/\/www.mediapark.de\/en\/central-place-in-mediapark\/permits\/#breadcrumb\",\"itemListElement\":[{\"@type\":\"ListItem\",\"position\":1,\"name\":\"Startseite\",\"item\":\"https:\/\/www.mediapark.de\/en\/\"},{\"@type\":\"ListItem\",\"position\":2,\"name\":\"Rentable spaces\",\"item\":\"https:\/\/www.mediapark.de\/en\/central-place-in-mediapark\/\"},{\"@type\":\"ListItem\",\"position\":3,\"name\":\"Permits\"}]},{\"@type\":\"WebSite\",\"@id\":\"https:\/\/www.mediapark.de\/#website\",\"url\":\"https:\/\/www.mediapark.de\/\",\"name\":\"MediaPark K\u00f6ln\",\"description\":\"\",\"potentialAction\":[{\"@type\":\"SearchAction\",\"target\":{\"@type\":\"EntryPoint\",\"urlTemplate\":\"https:\/\/www.mediapark.de\/?s={search_term_string}\"},\"query-input\":{\"@type\":\"PropertyValueSpecification\",\"valueRequired\":true,\"valueName\":\"search_term_string\"}}],\"inLanguage\":\"en-US\"}]}<\/script>\n<!-- \/ Yoast SEO plugin. -->","yoast_head_json":{"title":"Permits - MediaPark K\u00f6ln genehmigung","description":"Das Befahren des \u00f6ffentlichen Platzes im MediaPark ist grunds\u00e4tzlich nur mit einer Genehmigung m\u00f6glich, die Formulare und Ansprechpartner finden Sie hier.","robots":{"index":"index","follow":"follow","max-snippet":"max-snippet:-1","max-image-preview":"max-image-preview:large","max-video-preview":"max-video-preview:-1"},"canonical":"https:\/\/www.mediapark.de\/en\/central-place-in-mediapark\/permits\/","og_locale":"en_US","og_type":"article","og_title":"Permits - MediaPark K\u00f6ln genehmigung","og_description":"Das Befahren des \u00f6ffentlichen Platzes im MediaPark ist grunds\u00e4tzlich nur mit einer Genehmigung m\u00f6glich, die Formulare und Ansprechpartner finden Sie hier.","og_url":"https:\/\/www.mediapark.de\/en\/central-place-in-mediapark\/permits\/","og_site_name":"MediaPark K\u00f6ln","article_publisher":"http:\/\/www.facebook.com\/pages\/MediaPark\/360959134018223","article_modified_time":"2017-05-12T10:34:30+00:00","twitter_card":"summary_large_image","twitter_site":"@MediaParkKoeln","twitter_misc":{"Est. reading time":"1 minute"},"schema":{"@context":"https:\/\/schema.org","@graph":[{"@type":"WebPage","@id":"https:\/\/www.mediapark.de\/en\/central-place-in-mediapark\/permits\/","url":"https:\/\/www.mediapark.de\/en\/central-place-in-mediapark\/permits\/","name":"Permits - MediaPark K\u00f6ln genehmigung","isPartOf":{"@id":"https:\/\/www.mediapark.de\/#website"},"datePublished":"2017-05-11T13:36:43+00:00","dateModified":"2017-05-12T10:34:30+00:00","description":"Das Befahren des \u00f6ffentlichen Platzes im MediaPark ist grunds\u00e4tzlich nur mit einer Genehmigung m\u00f6glich, die Formulare und Ansprechpartner finden Sie hier.","breadcrumb":{"@id":"https:\/\/www.mediapark.de\/en\/central-place-in-mediapark\/permits\/#breadcrumb"},"inLanguage":"en-US","potentialAction":[{"@type":"ReadAction","target":["https:\/\/www.mediapark.de\/en\/central-place-in-mediapark\/permits\/"]}]},{"@type":"BreadcrumbList","@id":"https:\/\/www.mediapark.de\/en\/central-place-in-mediapark\/permits\/#breadcrumb","itemListElement":[{"@type":"ListItem","position":1,"name":"Startseite","item":"https:\/\/www.mediapark.de\/en\/"},{"@type":"ListItem","position":2,"name":"Rentable spaces","item":"https:\/\/www.mediapark.de\/en\/central-place-in-mediapark\/"},{"@type":"ListItem","position":3,"name":"Permits"}]},{"@type":"WebSite","@id":"https:\/\/www.mediapark.de\/#website","url":"https:\/\/www.mediapark.de\/","name":"MediaPark K\u00f6ln","description":"","potentialAction":[{"@type":"SearchAction","target":{"@type":"EntryPoint","urlTemplate":"https:\/\/www.mediapark.de\/?s={search_term_string}"},"query-input":{"@type":"PropertyValueSpecification","valueRequired":true,"valueName":"search_term_string"}}],"inLanguage":"en-US"}]}},"_links":{"self":[{"href":"https:\/\/www.mediapark.de\/en\/wp-json\/wp\/v2\/pages\/836","targetHints":{"allow":["GET"]}}],"collection":[{"href":"https:\/\/www.mediapark.de\/en\/wp-json\/wp\/v2\/pages"}],"about":[{"href":"https:\/\/www.mediapark.de\/en\/wp-json\/wp\/v2\/types\/page"}],"author":[{"embeddable":true,"href":"https:\/\/www.mediapark.de\/en\/wp-json\/wp\/v2\/users\/1"}],"replies":[{"embeddable":true,"href":"https:\/\/www.mediapark.de\/en\/wp-json\/wp\/v2\/comments?post=836"}],"version-history":[{"count":3,"href":"https:\/\/www.mediapark.de\/en\/wp-json\/wp\/v2\/pages\/836\/revisions"}],"predecessor-version":[{"id":1175,"href":"https:\/\/www.mediapark.de\/en\/wp-json\/wp\/v2\/pages\/836\/revisions\/1175"}],"up":[{"embeddable":true,"href":"https:\/\/www.mediapark.de\/en\/wp-json\/wp\/v2\/pages\/833"}],"wp:attachment":[{"href":"https:\/\/www.mediapark.de\/en\/wp-json\/wp\/v2\/media?parent=836"}],"curies":[{"name":"wp","href":"https:\/\/api.w.org\/{rel}","templated":true}]}}