{"id":862,"date":"2017-05-11T15:59:34","date_gmt":"2017-05-11T13:59:34","guid":{"rendered":"http:\/\/www.mediapark.de\/?page_id=862\/"},"modified":"2017-05-12T12:01:54","modified_gmt":"2017-05-12T10:01:54","slug":"buildings","status":"publish","type":"page","link":"https:\/\/www.mediapark.de\/en\/location-mediapark\/buildings\/","title":{"rendered":"Buildings"},"content":{"rendered":"<div class=\"wpb-content-wrapper\"><p>[vc_row][vc_column][vc_single_image image=&#8221;439&#8243; img_size=&#8221;full&#8221; alignment=&#8221;center&#8221; el_class=&#8221;content-title-image&#8221;][\/vc_column][\/vc_row][vc_row][vc_column width=&#8221;1\/3&#8243; offset=&#8221;vc_col-lg-3 vc_col-md-4 vc_hidden-sm vc_col-xs-12 vc_hidden-xs&#8221;][\/vc_column][vc_column width=&#8221;2\/3&#8243; css=&#8221;.vc_custom_1494233184174{background-color: #ffffff !important;}&#8221; offset=&#8221;vc_col-lg-9 vc_col-md-8 vc_col-xs-12&#8243;][vc_row_inner][vc_column_inner el_class=&#8221;content-headline&#8221;][vc_column_text]<\/p>\n<h1>Outstanding diversity in unity: astonishing (post)modern architecture!<\/h1>\n<p>[\/vc_column_text][\/vc_column_inner][\/vc_row_inner][vc_column_text]<\/p>\n<p class=\"bodytext\">Striking, fascinating, functional \u2013 each building in the MediaPark is an individual work of art \u2013 and, at the same time \u2013 part of the complete ensemble. The architect Eberhard H. Zeidler has been responsible for the overall conception of the MediaPark. The individual buildings complexes, however, were designed by the particular winners of the architectural design competitions carried out for each building complex.<\/p>\n<p>[\/vc_column_text][\/vc_column][\/vc_row]<\/p>\n<\/div>","protected":false},"excerpt":{"rendered":"<p>[vc_row][vc_column][vc_single_image image=&#8221;439&#8243; img_size=&#8221;full&#8221; alignment=&#8221;center&#8221; el_class=&#8221;content-title-image&#8221;][\/vc_column][\/vc_row][vc_row][vc_column width=&#8221;1\/3&#8243; offset=&#8221;vc_col-lg-3 vc_col-md-4 vc_hidden-sm vc_col-xs-12 vc_hidden-xs&#8221;][\/vc_column][vc_column width=&#8221;2\/3&#8243; css=&#8221;.vc_custom_1494233184174{background-color: #ffffff !important;}&#8221; offset=&#8221;vc_col-lg-9 vc_col-md-8 vc_col-xs-12&#8243;][vc_row_inner][vc_column_inner el_class=&#8221;content-headline&#8221;][vc_column_text] Outstanding diversity in unity: astonishing (post)modern architecture! [\/vc_column_text][\/vc_column_inner][\/vc_row_inner][vc_column_text] Striking, fascinating, functional \u2013 each building in the MediaPark is an individual work of art \u2013 and, at the same time \u2013 part of the complete ensemble. The&hellip;<\/p>\n","protected":false},"author":1,"featured_media":0,"parent":858,"menu_order":2,"comment_status":"closed","ping_status":"closed","template":"","meta":{"_acf_changed":false,"footnotes":""},"class_list":["post-862","page","type-page","status-publish","hentry"],"acf":[],"yoast_head":"<!-- This site is optimized with the Yoast SEO plugin v24.2 - https:\/\/yoast.com\/wordpress\/plugins\/seo\/ -->\n<title>Buildings - MediaPark K\u00f6ln<\/title>\n<meta name=\"description\" content=\"Jedes Geb\u00e4ude im MediaPark ist ein Kunstwerk und gleichzeitig Teil des Ensembles. Eberhard H. Zeidler ist f\u00fcr die Gesamtkonzeption verantwortlich.\" \/>\n<meta name=\"robots\" content=\"index, follow, max-snippet:-1, max-image-preview:large, max-video-preview:-1\" \/>\n<link rel=\"canonical\" href=\"https:\/\/www.mediapark.de\/en\/location-mediapark\/buildings\/\" \/>\n<meta property=\"og:locale\" content=\"en_US\" \/>\n<meta property=\"og:type\" content=\"article\" \/>\n<meta property=\"og:title\" content=\"Buildings - MediaPark K\u00f6ln\" \/>\n<meta property=\"og:description\" content=\"Jedes Geb\u00e4ude im MediaPark ist ein Kunstwerk und gleichzeitig Teil des Ensembles. Eberhard H. Zeidler ist f\u00fcr die Gesamtkonzeption verantwortlich.\" \/>\n<meta property=\"og:url\" content=\"https:\/\/www.mediapark.de\/en\/location-mediapark\/buildings\/\" \/>\n<meta property=\"og:site_name\" content=\"MediaPark K\u00f6ln\" \/>\n<meta property=\"article:publisher\" content=\"http:\/\/www.facebook.com\/pages\/MediaPark\/360959134018223\" \/>\n<meta property=\"article:modified_time\" content=\"2017-05-12T10:01:54+00:00\" \/>\n<meta name=\"twitter:card\" content=\"summary_large_image\" \/>\n<meta name=\"twitter:site\" content=\"@MediaParkKoeln\" \/>\n<meta name=\"twitter:label1\" content=\"Est. reading time\" \/>\n\t<meta name=\"twitter:data1\" content=\"1 minute\" \/>\n<script type=\"application\/ld+json\" class=\"yoast-schema-graph\">{\"@context\":\"https:\/\/schema.org\",\"@graph\":[{\"@type\":\"WebPage\",\"@id\":\"https:\/\/www.mediapark.de\/en\/location-mediapark\/buildings\/\",\"url\":\"https:\/\/www.mediapark.de\/en\/location-mediapark\/buildings\/\",\"name\":\"Buildings - MediaPark K\u00f6ln\",\"isPartOf\":{\"@id\":\"https:\/\/www.mediapark.de\/#website\"},\"datePublished\":\"2017-05-11T13:59:34+00:00\",\"dateModified\":\"2017-05-12T10:01:54+00:00\",\"description\":\"Jedes Geb\u00e4ude im MediaPark ist ein Kunstwerk und gleichzeitig Teil des Ensembles. Eberhard H. Zeidler ist f\u00fcr die Gesamtkonzeption verantwortlich.\",\"breadcrumb\":{\"@id\":\"https:\/\/www.mediapark.de\/en\/location-mediapark\/buildings\/#breadcrumb\"},\"inLanguage\":\"en-US\",\"potentialAction\":[{\"@type\":\"ReadAction\",\"target\":[\"https:\/\/www.mediapark.de\/en\/location-mediapark\/buildings\/\"]}]},{\"@type\":\"BreadcrumbList\",\"@id\":\"https:\/\/www.mediapark.de\/en\/location-mediapark\/buildings\/#breadcrumb\",\"itemListElement\":[{\"@type\":\"ListItem\",\"position\":1,\"name\":\"Startseite\",\"item\":\"https:\/\/www.mediapark.de\/en\/\"},{\"@type\":\"ListItem\",\"position\":2,\"name\":\"Location MediaPark\",\"item\":\"https:\/\/www.mediapark.de\/en\/location-mediapark\/\"},{\"@type\":\"ListItem\",\"position\":3,\"name\":\"Buildings\"}]},{\"@type\":\"WebSite\",\"@id\":\"https:\/\/www.mediapark.de\/#website\",\"url\":\"https:\/\/www.mediapark.de\/\",\"name\":\"MediaPark K\u00f6ln\",\"description\":\"\",\"potentialAction\":[{\"@type\":\"SearchAction\",\"target\":{\"@type\":\"EntryPoint\",\"urlTemplate\":\"https:\/\/www.mediapark.de\/?s={search_term_string}\"},\"query-input\":{\"@type\":\"PropertyValueSpecification\",\"valueRequired\":true,\"valueName\":\"search_term_string\"}}],\"inLanguage\":\"en-US\"}]}<\/script>\n<!-- \/ Yoast SEO plugin. -->","yoast_head_json":{"title":"Buildings - MediaPark K\u00f6ln","description":"Jedes Geb\u00e4ude im MediaPark ist ein Kunstwerk und gleichzeitig Teil des Ensembles. Eberhard H. Zeidler ist f\u00fcr die Gesamtkonzeption verantwortlich.","robots":{"index":"index","follow":"follow","max-snippet":"max-snippet:-1","max-image-preview":"max-image-preview:large","max-video-preview":"max-video-preview:-1"},"canonical":"https:\/\/www.mediapark.de\/en\/location-mediapark\/buildings\/","og_locale":"en_US","og_type":"article","og_title":"Buildings - MediaPark K\u00f6ln","og_description":"Jedes Geb\u00e4ude im MediaPark ist ein Kunstwerk und gleichzeitig Teil des Ensembles. Eberhard H. Zeidler ist f\u00fcr die Gesamtkonzeption verantwortlich.","og_url":"https:\/\/www.mediapark.de\/en\/location-mediapark\/buildings\/","og_site_name":"MediaPark K\u00f6ln","article_publisher":"http:\/\/www.facebook.com\/pages\/MediaPark\/360959134018223","article_modified_time":"2017-05-12T10:01:54+00:00","twitter_card":"summary_large_image","twitter_site":"@MediaParkKoeln","twitter_misc":{"Est. reading time":"1 minute"},"schema":{"@context":"https:\/\/schema.org","@graph":[{"@type":"WebPage","@id":"https:\/\/www.mediapark.de\/en\/location-mediapark\/buildings\/","url":"https:\/\/www.mediapark.de\/en\/location-mediapark\/buildings\/","name":"Buildings - MediaPark K\u00f6ln","isPartOf":{"@id":"https:\/\/www.mediapark.de\/#website"},"datePublished":"2017-05-11T13:59:34+00:00","dateModified":"2017-05-12T10:01:54+00:00","description":"Jedes Geb\u00e4ude im MediaPark ist ein Kunstwerk und gleichzeitig Teil des Ensembles. Eberhard H. Zeidler ist f\u00fcr die Gesamtkonzeption verantwortlich.","breadcrumb":{"@id":"https:\/\/www.mediapark.de\/en\/location-mediapark\/buildings\/#breadcrumb"},"inLanguage":"en-US","potentialAction":[{"@type":"ReadAction","target":["https:\/\/www.mediapark.de\/en\/location-mediapark\/buildings\/"]}]},{"@type":"BreadcrumbList","@id":"https:\/\/www.mediapark.de\/en\/location-mediapark\/buildings\/#breadcrumb","itemListElement":[{"@type":"ListItem","position":1,"name":"Startseite","item":"https:\/\/www.mediapark.de\/en\/"},{"@type":"ListItem","position":2,"name":"Location MediaPark","item":"https:\/\/www.mediapark.de\/en\/location-mediapark\/"},{"@type":"ListItem","position":3,"name":"Buildings"}]},{"@type":"WebSite","@id":"https:\/\/www.mediapark.de\/#website","url":"https:\/\/www.mediapark.de\/","name":"MediaPark K\u00f6ln","description":"","potentialAction":[{"@type":"SearchAction","target":{"@type":"EntryPoint","urlTemplate":"https:\/\/www.mediapark.de\/?s={search_term_string}"},"query-input":{"@type":"PropertyValueSpecification","valueRequired":true,"valueName":"search_term_string"}}],"inLanguage":"en-US"}]}},"_links":{"self":[{"href":"https:\/\/www.mediapark.de\/en\/wp-json\/wp\/v2\/pages\/862","targetHints":{"allow":["GET"]}}],"collection":[{"href":"https:\/\/www.mediapark.de\/en\/wp-json\/wp\/v2\/pages"}],"about":[{"href":"https:\/\/www.mediapark.de\/en\/wp-json\/wp\/v2\/types\/page"}],"author":[{"embeddable":true,"href":"https:\/\/www.mediapark.de\/en\/wp-json\/wp\/v2\/users\/1"}],"replies":[{"embeddable":true,"href":"https:\/\/www.mediapark.de\/en\/wp-json\/wp\/v2\/comments?post=862"}],"version-history":[{"count":1,"href":"https:\/\/www.mediapark.de\/en\/wp-json\/wp\/v2\/pages\/862\/revisions"}],"predecessor-version":[{"id":863,"href":"https:\/\/www.mediapark.de\/en\/wp-json\/wp\/v2\/pages\/862\/revisions\/863"}],"up":[{"embeddable":true,"href":"https:\/\/www.mediapark.de\/en\/wp-json\/wp\/v2\/pages\/858"}],"wp:attachment":[{"href":"https:\/\/www.mediapark.de\/en\/wp-json\/wp\/v2\/media?parent=862"}],"curies":[{"name":"wp","href":"https:\/\/api.w.org\/{rel}","templated":true}]}}