{"id":864,"date":"2017-05-11T16:01:14","date_gmt":"2017-05-11T14:01:14","guid":{"rendered":"http:\/\/www.mediapark.de\/?page_id=864\/"},"modified":"2018-04-12T16:57:46","modified_gmt":"2018-04-12T14:57:46","slug":"in-mediapark-1-cinedom","status":"publish","type":"page","link":"https:\/\/www.mediapark.de\/en\/location-mediapark\/buildings\/in-mediapark-1-cinedom\/","title":{"rendered":"In MediaPark 1 &#8211; Cinedom"},"content":{"rendered":"<div class=\"wpb-content-wrapper\"><p>[vc_row][vc_column][vc_single_image image=&#8221;419&#8243; img_size=&#8221;full&#8221; alignment=&#8221;center&#8221; el_class=&#8221;content-title-image&#8221;][\/vc_column][\/vc_row][vc_row][vc_column offset=&#8221;vc_col-lg-3 vc_col-md-4 vc_hidden-sm vc_col-xs-12 vc_hidden-xs&#8221;][\/vc_column][vc_column css=&#8221;.vc_custom_1494231471408{background-color: #ffffff !important;}&#8221; offset=&#8221;vc_col-lg-9 vc_col-md-8 vc_col-xs-12&#8243;][vc_row_inner][vc_column_inner el_class=&#8221;content-headline&#8221;][vc_column_text]<\/p>\n<h1>In MediaPark 1 &#8211; Cinedom<\/h1>\n<p>[\/vc_column_text][\/vc_column_inner][\/vc_row_inner][vc_column_text]Gross floor area: 26.500 m\u00b2<br \/>\nRental area: 14.158 m\u00b2<br \/>\nEnclosed space: 202.000 m\u00b3<br \/>\nConstruction type: Reinforced concrete<br \/>\nParking area\/spaces: 320<br \/>\nYear of construction: 1991<br \/>\nClient: Constantin Kino Cinedom GmbH<\/p>\n<p>Architects: Zeidler Partnership Architekten<br \/>\nBergstra\u00dfe 67<br \/>\n10115 Berlin<br \/>\nTel.: 030\/89 34 510<br \/>\nFax: 030\/89 35 216<br \/>\nContact: Thomas H\u00fcbener<br \/>\nwww.zeidlerpartnership.de [\/vc_column_text][\/vc_column][\/vc_row]<\/p>\n<\/div>","protected":false},"excerpt":{"rendered":"<p>[vc_row][vc_column][vc_single_image image=&#8221;419&#8243; img_size=&#8221;full&#8221; alignment=&#8221;center&#8221; el_class=&#8221;content-title-image&#8221;][\/vc_column][\/vc_row][vc_row][vc_column offset=&#8221;vc_col-lg-3 vc_col-md-4 vc_hidden-sm vc_col-xs-12 vc_hidden-xs&#8221;][\/vc_column][vc_column css=&#8221;.vc_custom_1494231471408{background-color: #ffffff !important;}&#8221; offset=&#8221;vc_col-lg-9 vc_col-md-8 vc_col-xs-12&#8243;][vc_row_inner][vc_column_inner el_class=&#8221;content-headline&#8221;][vc_column_text] In MediaPark 1 &#8211; Cinedom [\/vc_column_text][\/vc_column_inner][\/vc_row_inner][vc_column_text]Gross floor area: 26.500 m\u00b2 Rental area: 14.158 m\u00b2 Enclosed space: 202.000 m\u00b3 Construction type: Reinforced concrete Parking area\/spaces: 320 Year of construction: 1991 Client: Constantin Kino Cinedom GmbH Architects: Zeidler Partnership Architekten&hellip;<\/p>\n","protected":false},"author":1,"featured_media":0,"parent":862,"menu_order":1,"comment_status":"closed","ping_status":"closed","template":"","meta":{"_acf_changed":false,"footnotes":""},"class_list":["post-864","page","type-page","status-publish","hentry"],"acf":[],"yoast_head":"<!-- This site is optimized with the Yoast SEO plugin v24.2 - https:\/\/yoast.com\/wordpress\/plugins\/seo\/ -->\n<title>Cinedom im MediaPark- MediaPark K\u00f6ln<\/title>\n<meta name=\"description\" content=\"Der Cinedom im MediaPark ist das f\u00fcnftgr\u00f6\u00dfte deutsche Kino seiner Art und wurde 1991 als erstes Geb\u00e4ude des Mediapark er\u00f6ffnet.\" \/>\n<meta name=\"robots\" content=\"index, follow, max-snippet:-1, max-image-preview:large, max-video-preview:-1\" \/>\n<link rel=\"canonical\" href=\"https:\/\/www.mediapark.de\/en\/location-mediapark\/buildings\/in-mediapark-1-cinedom\/\" \/>\n<meta property=\"og:locale\" content=\"en_US\" \/>\n<meta property=\"og:type\" content=\"article\" \/>\n<meta property=\"og:title\" content=\"Cinedom im MediaPark- MediaPark K\u00f6ln\" \/>\n<meta property=\"og:description\" content=\"Der Cinedom im MediaPark ist das f\u00fcnftgr\u00f6\u00dfte deutsche Kino seiner Art und wurde 1991 als erstes Geb\u00e4ude des Mediapark er\u00f6ffnet.\" \/>\n<meta property=\"og:url\" content=\"https:\/\/www.mediapark.de\/en\/location-mediapark\/buildings\/in-mediapark-1-cinedom\/\" \/>\n<meta property=\"og:site_name\" content=\"MediaPark K\u00f6ln\" \/>\n<meta property=\"article:publisher\" content=\"http:\/\/www.facebook.com\/pages\/MediaPark\/360959134018223\" \/>\n<meta property=\"article:modified_time\" content=\"2018-04-12T14:57:46+00:00\" \/>\n<meta name=\"twitter:card\" content=\"summary_large_image\" \/>\n<meta name=\"twitter:site\" content=\"@MediaParkKoeln\" \/>\n<meta name=\"twitter:label1\" content=\"Est. reading time\" \/>\n\t<meta name=\"twitter:data1\" content=\"1 minute\" \/>\n<script type=\"application\/ld+json\" class=\"yoast-schema-graph\">{\"@context\":\"https:\/\/schema.org\",\"@graph\":[{\"@type\":\"WebPage\",\"@id\":\"https:\/\/www.mediapark.de\/en\/location-mediapark\/buildings\/in-mediapark-1-cinedom\/\",\"url\":\"https:\/\/www.mediapark.de\/en\/location-mediapark\/buildings\/in-mediapark-1-cinedom\/\",\"name\":\"Cinedom im MediaPark- MediaPark K\u00f6ln\",\"isPartOf\":{\"@id\":\"https:\/\/www.mediapark.de\/#website\"},\"datePublished\":\"2017-05-11T14:01:14+00:00\",\"dateModified\":\"2018-04-12T14:57:46+00:00\",\"description\":\"Der Cinedom im MediaPark ist das f\u00fcnftgr\u00f6\u00dfte deutsche Kino seiner Art und wurde 1991 als erstes Geb\u00e4ude des Mediapark er\u00f6ffnet.\",\"breadcrumb\":{\"@id\":\"https:\/\/www.mediapark.de\/en\/location-mediapark\/buildings\/in-mediapark-1-cinedom\/#breadcrumb\"},\"inLanguage\":\"en-US\",\"potentialAction\":[{\"@type\":\"ReadAction\",\"target\":[\"https:\/\/www.mediapark.de\/en\/location-mediapark\/buildings\/in-mediapark-1-cinedom\/\"]}]},{\"@type\":\"BreadcrumbList\",\"@id\":\"https:\/\/www.mediapark.de\/en\/location-mediapark\/buildings\/in-mediapark-1-cinedom\/#breadcrumb\",\"itemListElement\":[{\"@type\":\"ListItem\",\"position\":1,\"name\":\"Startseite\",\"item\":\"https:\/\/www.mediapark.de\/en\/\"},{\"@type\":\"ListItem\",\"position\":2,\"name\":\"Location MediaPark\",\"item\":\"https:\/\/www.mediapark.de\/en\/location-mediapark\/\"},{\"@type\":\"ListItem\",\"position\":3,\"name\":\"Buildings\",\"item\":\"https:\/\/www.mediapark.de\/en\/location-mediapark\/buildings\/\"},{\"@type\":\"ListItem\",\"position\":4,\"name\":\"In MediaPark 1 &#8211; Cinedom\"}]},{\"@type\":\"WebSite\",\"@id\":\"https:\/\/www.mediapark.de\/#website\",\"url\":\"https:\/\/www.mediapark.de\/\",\"name\":\"MediaPark K\u00f6ln\",\"description\":\"\",\"potentialAction\":[{\"@type\":\"SearchAction\",\"target\":{\"@type\":\"EntryPoint\",\"urlTemplate\":\"https:\/\/www.mediapark.de\/?s={search_term_string}\"},\"query-input\":{\"@type\":\"PropertyValueSpecification\",\"valueRequired\":true,\"valueName\":\"search_term_string\"}}],\"inLanguage\":\"en-US\"}]}<\/script>\n<!-- \/ Yoast SEO plugin. -->","yoast_head_json":{"title":"Cinedom im MediaPark- MediaPark K\u00f6ln","description":"Der Cinedom im MediaPark ist das f\u00fcnftgr\u00f6\u00dfte deutsche Kino seiner Art und wurde 1991 als erstes Geb\u00e4ude des Mediapark er\u00f6ffnet.","robots":{"index":"index","follow":"follow","max-snippet":"max-snippet:-1","max-image-preview":"max-image-preview:large","max-video-preview":"max-video-preview:-1"},"canonical":"https:\/\/www.mediapark.de\/en\/location-mediapark\/buildings\/in-mediapark-1-cinedom\/","og_locale":"en_US","og_type":"article","og_title":"Cinedom im MediaPark- MediaPark K\u00f6ln","og_description":"Der Cinedom im MediaPark ist das f\u00fcnftgr\u00f6\u00dfte deutsche Kino seiner Art und wurde 1991 als erstes Geb\u00e4ude des Mediapark er\u00f6ffnet.","og_url":"https:\/\/www.mediapark.de\/en\/location-mediapark\/buildings\/in-mediapark-1-cinedom\/","og_site_name":"MediaPark K\u00f6ln","article_publisher":"http:\/\/www.facebook.com\/pages\/MediaPark\/360959134018223","article_modified_time":"2018-04-12T14:57:46+00:00","twitter_card":"summary_large_image","twitter_site":"@MediaParkKoeln","twitter_misc":{"Est. reading time":"1 minute"},"schema":{"@context":"https:\/\/schema.org","@graph":[{"@type":"WebPage","@id":"https:\/\/www.mediapark.de\/en\/location-mediapark\/buildings\/in-mediapark-1-cinedom\/","url":"https:\/\/www.mediapark.de\/en\/location-mediapark\/buildings\/in-mediapark-1-cinedom\/","name":"Cinedom im MediaPark- MediaPark K\u00f6ln","isPartOf":{"@id":"https:\/\/www.mediapark.de\/#website"},"datePublished":"2017-05-11T14:01:14+00:00","dateModified":"2018-04-12T14:57:46+00:00","description":"Der Cinedom im MediaPark ist das f\u00fcnftgr\u00f6\u00dfte deutsche Kino seiner Art und wurde 1991 als erstes Geb\u00e4ude des Mediapark er\u00f6ffnet.","breadcrumb":{"@id":"https:\/\/www.mediapark.de\/en\/location-mediapark\/buildings\/in-mediapark-1-cinedom\/#breadcrumb"},"inLanguage":"en-US","potentialAction":[{"@type":"ReadAction","target":["https:\/\/www.mediapark.de\/en\/location-mediapark\/buildings\/in-mediapark-1-cinedom\/"]}]},{"@type":"BreadcrumbList","@id":"https:\/\/www.mediapark.de\/en\/location-mediapark\/buildings\/in-mediapark-1-cinedom\/#breadcrumb","itemListElement":[{"@type":"ListItem","position":1,"name":"Startseite","item":"https:\/\/www.mediapark.de\/en\/"},{"@type":"ListItem","position":2,"name":"Location MediaPark","item":"https:\/\/www.mediapark.de\/en\/location-mediapark\/"},{"@type":"ListItem","position":3,"name":"Buildings","item":"https:\/\/www.mediapark.de\/en\/location-mediapark\/buildings\/"},{"@type":"ListItem","position":4,"name":"In MediaPark 1 &#8211; Cinedom"}]},{"@type":"WebSite","@id":"https:\/\/www.mediapark.de\/#website","url":"https:\/\/www.mediapark.de\/","name":"MediaPark K\u00f6ln","description":"","potentialAction":[{"@type":"SearchAction","target":{"@type":"EntryPoint","urlTemplate":"https:\/\/www.mediapark.de\/?s={search_term_string}"},"query-input":{"@type":"PropertyValueSpecification","valueRequired":true,"valueName":"search_term_string"}}],"inLanguage":"en-US"}]}},"_links":{"self":[{"href":"https:\/\/www.mediapark.de\/en\/wp-json\/wp\/v2\/pages\/864","targetHints":{"allow":["GET"]}}],"collection":[{"href":"https:\/\/www.mediapark.de\/en\/wp-json\/wp\/v2\/pages"}],"about":[{"href":"https:\/\/www.mediapark.de\/en\/wp-json\/wp\/v2\/types\/page"}],"author":[{"embeddable":true,"href":"https:\/\/www.mediapark.de\/en\/wp-json\/wp\/v2\/users\/1"}],"replies":[{"embeddable":true,"href":"https:\/\/www.mediapark.de\/en\/wp-json\/wp\/v2\/comments?post=864"}],"version-history":[{"count":5,"href":"https:\/\/www.mediapark.de\/en\/wp-json\/wp\/v2\/pages\/864\/revisions"}],"predecessor-version":[{"id":3346,"href":"https:\/\/www.mediapark.de\/en\/wp-json\/wp\/v2\/pages\/864\/revisions\/3346"}],"up":[{"embeddable":true,"href":"https:\/\/www.mediapark.de\/en\/wp-json\/wp\/v2\/pages\/862"}],"wp:attachment":[{"href":"https:\/\/www.mediapark.de\/en\/wp-json\/wp\/v2\/media?parent=864"}],"curies":[{"name":"wp","href":"https:\/\/api.w.org\/{rel}","templated":true}]}}