{"id":872,"date":"2017-05-11T16:05:21","date_gmt":"2017-05-11T14:05:21","guid":{"rendered":"http:\/\/www.mediapark.de\/?page_id=872\/"},"modified":"2018-04-12T16:58:23","modified_gmt":"2018-04-12T14:58:23","slug":"in-mediapark-2","status":"publish","type":"page","link":"https:\/\/www.mediapark.de\/en\/location-mediapark\/buildings\/in-mediapark-2\/","title":{"rendered":"In MediaPark 2"},"content":{"rendered":"<div class=\"wpb-content-wrapper\"><p>[vc_row][vc_column][vc_single_image image=&#8221;586&#8243; img_size=&#8221;full&#8221; alignment=&#8221;center&#8221; el_class=&#8221;content-title-image&#8221;][\/vc_column][\/vc_row][vc_row][vc_column offset=&#8221;vc_col-lg-3 vc_col-md-4 vc_hidden-sm vc_col-xs-12 vc_hidden-xs&#8221;][\/vc_column][vc_column css=&#8221;.vc_custom_1494231471408{background-color: #ffffff !important;}&#8221; offset=&#8221;vc_col-lg-9 vc_col-md-8 vc_col-xs-12&#8243;][vc_row_inner][vc_column_inner el_class=&#8221;content-headline&#8221;][vc_column_text]<\/p>\n<h1>In MediaPark 2<\/h1>\n<p>[\/vc_column_text][\/vc_column_inner][\/vc_row_inner][vc_column_text]<b>Gross floor area:<\/b> 6.300m\u00b2<b><br \/>\nRental area:<\/b> 3.321m\u00b2<b><br \/>\nEnclosed space:<\/b> 22.004m\u00b3<b><br \/>\nConstruction type: <\/b>Reinforced concrete\u00a0<b>\u00a0 <\/b><b><br \/>\nParking area\/spaces:<\/b> 320<b><br \/>\nYear of construction: <\/b>1999-2000<b><br \/>\nClient: <\/b>Musictower Immobilien MediaPark KG<br \/>\n<b><br \/>\nArchitect:<\/b> Oxen + R\u00f6mer und Partner GbR<b><br \/>\n<\/b>Kalscheurener Strasse 19<br \/>\n50354 H\u00fcrth-Efferen<br \/>\nFon: 02233\/60 840<br \/>\nFax: 02233\/60 84 50<br \/>\n<a class=\"external-link-new-window\" title=\"Opens external link in new window\" href=\"http:\/\/www.oxen-roemer.de\/\">www.oxen-roemer.de<\/a><br \/>\nE-Mail: <a class=\"mail\" title=\"Opens window for sending email\" href=\"mailto:architekten@oxen-roemer.de\">architekten@oxen-roemer.de<\/a><br \/>\nContact: Bernd R\u00f6mer<b><br \/>\n<\/b>[\/vc_column_text][\/vc_column][\/vc_row]<\/p>\n<\/div>","protected":false},"excerpt":{"rendered":"<p>[vc_row][vc_column][vc_single_image image=&#8221;586&#8243; img_size=&#8221;full&#8221; alignment=&#8221;center&#8221; el_class=&#8221;content-title-image&#8221;][\/vc_column][\/vc_row][vc_row][vc_column offset=&#8221;vc_col-lg-3 vc_col-md-4 vc_hidden-sm vc_col-xs-12 vc_hidden-xs&#8221;][\/vc_column][vc_column css=&#8221;.vc_custom_1494231471408{background-color: #ffffff !important;}&#8221; offset=&#8221;vc_col-lg-9 vc_col-md-8 vc_col-xs-12&#8243;][vc_row_inner][vc_column_inner el_class=&#8221;content-headline&#8221;][vc_column_text] In MediaPark 2 [\/vc_column_text][\/vc_column_inner][\/vc_row_inner][vc_column_text]Gross floor area: 6.300m\u00b2 Rental area: 3.321m\u00b2 Enclosed space: 22.004m\u00b3 Construction type: Reinforced concrete\u00a0\u00a0 Parking area\/spaces: 320 Year of construction: 1999-2000 Client: Musictower Immobilien MediaPark KG Architect: Oxen + R\u00f6mer und Partner GbR Kalscheurener Strasse&hellip;<\/p>\n","protected":false},"author":1,"featured_media":0,"parent":862,"menu_order":2,"comment_status":"closed","ping_status":"closed","template":"","meta":{"_acf_changed":false,"footnotes":""},"class_list":["post-872","page","type-page","status-publish","hentry"],"acf":[],"yoast_head":"<!-- This site is optimized with the Yoast SEO plugin v24.2 - https:\/\/yoast.com\/wordpress\/plugins\/seo\/ -->\n<title>In MediaPark 2 - MediaPark K\u00f6ln<\/title>\n<meta name=\"description\" content=\"Das Geb\u00e4ude Im MediaPark 2 ist ein markantes, eigenst\u00e4ndiges Geb\u00e4ude im Ensemble des MediaParks.\" \/>\n<meta name=\"robots\" content=\"index, follow, max-snippet:-1, max-image-preview:large, max-video-preview:-1\" \/>\n<link rel=\"canonical\" href=\"https:\/\/www.mediapark.de\/en\/location-mediapark\/buildings\/in-mediapark-2\/\" \/>\n<meta property=\"og:locale\" content=\"en_US\" \/>\n<meta property=\"og:type\" content=\"article\" \/>\n<meta property=\"og:title\" content=\"In MediaPark 2 - MediaPark K\u00f6ln\" \/>\n<meta property=\"og:description\" content=\"Das Geb\u00e4ude Im MediaPark 2 ist ein markantes, eigenst\u00e4ndiges Geb\u00e4ude im Ensemble des MediaParks.\" \/>\n<meta property=\"og:url\" content=\"https:\/\/www.mediapark.de\/en\/location-mediapark\/buildings\/in-mediapark-2\/\" \/>\n<meta property=\"og:site_name\" content=\"MediaPark K\u00f6ln\" \/>\n<meta property=\"article:publisher\" content=\"http:\/\/www.facebook.com\/pages\/MediaPark\/360959134018223\" \/>\n<meta property=\"article:modified_time\" content=\"2018-04-12T14:58:23+00:00\" \/>\n<meta name=\"twitter:card\" content=\"summary_large_image\" \/>\n<meta name=\"twitter:site\" content=\"@MediaParkKoeln\" \/>\n<meta name=\"twitter:label1\" content=\"Est. reading time\" \/>\n\t<meta name=\"twitter:data1\" content=\"1 minute\" \/>\n<script type=\"application\/ld+json\" class=\"yoast-schema-graph\">{\"@context\":\"https:\/\/schema.org\",\"@graph\":[{\"@type\":\"WebPage\",\"@id\":\"https:\/\/www.mediapark.de\/en\/location-mediapark\/buildings\/in-mediapark-2\/\",\"url\":\"https:\/\/www.mediapark.de\/en\/location-mediapark\/buildings\/in-mediapark-2\/\",\"name\":\"In MediaPark 2 - MediaPark K\u00f6ln\",\"isPartOf\":{\"@id\":\"https:\/\/www.mediapark.de\/#website\"},\"datePublished\":\"2017-05-11T14:05:21+00:00\",\"dateModified\":\"2018-04-12T14:58:23+00:00\",\"description\":\"Das Geb\u00e4ude Im MediaPark 2 ist ein markantes, eigenst\u00e4ndiges Geb\u00e4ude im Ensemble des MediaParks.\",\"breadcrumb\":{\"@id\":\"https:\/\/www.mediapark.de\/en\/location-mediapark\/buildings\/in-mediapark-2\/#breadcrumb\"},\"inLanguage\":\"en-US\",\"potentialAction\":[{\"@type\":\"ReadAction\",\"target\":[\"https:\/\/www.mediapark.de\/en\/location-mediapark\/buildings\/in-mediapark-2\/\"]}]},{\"@type\":\"BreadcrumbList\",\"@id\":\"https:\/\/www.mediapark.de\/en\/location-mediapark\/buildings\/in-mediapark-2\/#breadcrumb\",\"itemListElement\":[{\"@type\":\"ListItem\",\"position\":1,\"name\":\"Startseite\",\"item\":\"https:\/\/www.mediapark.de\/en\/\"},{\"@type\":\"ListItem\",\"position\":2,\"name\":\"Location MediaPark\",\"item\":\"https:\/\/www.mediapark.de\/en\/location-mediapark\/\"},{\"@type\":\"ListItem\",\"position\":3,\"name\":\"Buildings\",\"item\":\"https:\/\/www.mediapark.de\/en\/location-mediapark\/buildings\/\"},{\"@type\":\"ListItem\",\"position\":4,\"name\":\"In MediaPark 2\"}]},{\"@type\":\"WebSite\",\"@id\":\"https:\/\/www.mediapark.de\/#website\",\"url\":\"https:\/\/www.mediapark.de\/\",\"name\":\"MediaPark K\u00f6ln\",\"description\":\"\",\"potentialAction\":[{\"@type\":\"SearchAction\",\"target\":{\"@type\":\"EntryPoint\",\"urlTemplate\":\"https:\/\/www.mediapark.de\/?s={search_term_string}\"},\"query-input\":{\"@type\":\"PropertyValueSpecification\",\"valueRequired\":true,\"valueName\":\"search_term_string\"}}],\"inLanguage\":\"en-US\"}]}<\/script>\n<!-- \/ Yoast SEO plugin. -->","yoast_head_json":{"title":"In MediaPark 2 - MediaPark K\u00f6ln","description":"Das Geb\u00e4ude Im MediaPark 2 ist ein markantes, eigenst\u00e4ndiges Geb\u00e4ude im Ensemble des MediaParks.","robots":{"index":"index","follow":"follow","max-snippet":"max-snippet:-1","max-image-preview":"max-image-preview:large","max-video-preview":"max-video-preview:-1"},"canonical":"https:\/\/www.mediapark.de\/en\/location-mediapark\/buildings\/in-mediapark-2\/","og_locale":"en_US","og_type":"article","og_title":"In MediaPark 2 - MediaPark K\u00f6ln","og_description":"Das Geb\u00e4ude Im MediaPark 2 ist ein markantes, eigenst\u00e4ndiges Geb\u00e4ude im Ensemble des MediaParks.","og_url":"https:\/\/www.mediapark.de\/en\/location-mediapark\/buildings\/in-mediapark-2\/","og_site_name":"MediaPark K\u00f6ln","article_publisher":"http:\/\/www.facebook.com\/pages\/MediaPark\/360959134018223","article_modified_time":"2018-04-12T14:58:23+00:00","twitter_card":"summary_large_image","twitter_site":"@MediaParkKoeln","twitter_misc":{"Est. reading time":"1 minute"},"schema":{"@context":"https:\/\/schema.org","@graph":[{"@type":"WebPage","@id":"https:\/\/www.mediapark.de\/en\/location-mediapark\/buildings\/in-mediapark-2\/","url":"https:\/\/www.mediapark.de\/en\/location-mediapark\/buildings\/in-mediapark-2\/","name":"In MediaPark 2 - MediaPark K\u00f6ln","isPartOf":{"@id":"https:\/\/www.mediapark.de\/#website"},"datePublished":"2017-05-11T14:05:21+00:00","dateModified":"2018-04-12T14:58:23+00:00","description":"Das Geb\u00e4ude Im MediaPark 2 ist ein markantes, eigenst\u00e4ndiges Geb\u00e4ude im Ensemble des MediaParks.","breadcrumb":{"@id":"https:\/\/www.mediapark.de\/en\/location-mediapark\/buildings\/in-mediapark-2\/#breadcrumb"},"inLanguage":"en-US","potentialAction":[{"@type":"ReadAction","target":["https:\/\/www.mediapark.de\/en\/location-mediapark\/buildings\/in-mediapark-2\/"]}]},{"@type":"BreadcrumbList","@id":"https:\/\/www.mediapark.de\/en\/location-mediapark\/buildings\/in-mediapark-2\/#breadcrumb","itemListElement":[{"@type":"ListItem","position":1,"name":"Startseite","item":"https:\/\/www.mediapark.de\/en\/"},{"@type":"ListItem","position":2,"name":"Location MediaPark","item":"https:\/\/www.mediapark.de\/en\/location-mediapark\/"},{"@type":"ListItem","position":3,"name":"Buildings","item":"https:\/\/www.mediapark.de\/en\/location-mediapark\/buildings\/"},{"@type":"ListItem","position":4,"name":"In MediaPark 2"}]},{"@type":"WebSite","@id":"https:\/\/www.mediapark.de\/#website","url":"https:\/\/www.mediapark.de\/","name":"MediaPark K\u00f6ln","description":"","potentialAction":[{"@type":"SearchAction","target":{"@type":"EntryPoint","urlTemplate":"https:\/\/www.mediapark.de\/?s={search_term_string}"},"query-input":{"@type":"PropertyValueSpecification","valueRequired":true,"valueName":"search_term_string"}}],"inLanguage":"en-US"}]}},"_links":{"self":[{"href":"https:\/\/www.mediapark.de\/en\/wp-json\/wp\/v2\/pages\/872","targetHints":{"allow":["GET"]}}],"collection":[{"href":"https:\/\/www.mediapark.de\/en\/wp-json\/wp\/v2\/pages"}],"about":[{"href":"https:\/\/www.mediapark.de\/en\/wp-json\/wp\/v2\/types\/page"}],"author":[{"embeddable":true,"href":"https:\/\/www.mediapark.de\/en\/wp-json\/wp\/v2\/users\/1"}],"replies":[{"embeddable":true,"href":"https:\/\/www.mediapark.de\/en\/wp-json\/wp\/v2\/comments?post=872"}],"version-history":[{"count":5,"href":"https:\/\/www.mediapark.de\/en\/wp-json\/wp\/v2\/pages\/872\/revisions"}],"predecessor-version":[{"id":3347,"href":"https:\/\/www.mediapark.de\/en\/wp-json\/wp\/v2\/pages\/872\/revisions\/3347"}],"up":[{"embeddable":true,"href":"https:\/\/www.mediapark.de\/en\/wp-json\/wp\/v2\/pages\/862"}],"wp:attachment":[{"href":"https:\/\/www.mediapark.de\/en\/wp-json\/wp\/v2\/media?parent=872"}],"curies":[{"name":"wp","href":"https:\/\/api.w.org\/{rel}","templated":true}]}}