{"id":874,"date":"2017-04-26T08:50:21","date_gmt":"2017-04-26T06:50:21","guid":{"rendered":"http:\/\/www.mediapark.de\/?page_id=874\/"},"modified":"2018-04-12T17:00:02","modified_gmt":"2018-04-12T15:00:02","slug":"im-mediapark-4-forum","status":"publish","type":"page","link":"https:\/\/www.mediapark.de\/en\/location-mediapark\/buildings\/im-mediapark-4-forum\/","title":{"rendered":"In MediaPark 4 &#8211; Forum"},"content":{"rendered":"<div class=\"wpb-content-wrapper\"><p>[vc_row][vc_column][vc_single_image image=&#8221;2535&#8243; img_size=&#8221;full&#8221; alignment=&#8221;center&#8221; el_class=&#8221;content-title-image&#8221;][\/vc_column][\/vc_row][vc_row el_class=&#8221;flex-row&#8221;][vc_column offset=&#8221;vc_col-lg-3 vc_col-md-4 vc_col-xs-12&#8243; el_class=&#8221;float-sm-right&#8221;][\/vc_column][vc_column css=&#8221;.vc_custom_1496213929825{background-color: #ffffff !important;}&#8221; offset=&#8221;vc_col-lg-9 vc_col-md-8 vc_col-xs-12&#8243; el_class=&#8221;float-sm-left&#8221;][vc_row_inner][vc_column_inner el_class=&#8221;content-headline&#8221;][vc_column_text]<\/p>\n<h1>In MediaPark 4 &#8211; Forum<\/h1>\n<p>[\/vc_column_text][\/vc_column_inner][\/vc_row_inner][vc_column_text]<\/p>\n<p class=\"align-left\"><b>Gross floor area: <\/b>42.000m\u00b2<b><br \/>\nRental area:<\/b> 34.000m\u00b2\u00a0<b><br \/>\nEnclosed space:<\/b> 245.000m\u00b3\u00a0\u00a0<b><br \/>\nConstruction type: <\/b>Reinforced concrete<b>\u00a0<\/b><b><br \/>\nParking area\/spaces:<\/b> 635\u00a0<b><br \/>\nYear of construction: <\/b>2001-2003<b><br \/>\nClient: <\/b>Media Park Block 5 AHZ GmbH &amp; Co. KG<b><br \/>\n<\/b><\/p>\n<p>[\/vc_column_text][vc_column_text]<\/p>\n<p class=\"align-left\"><b>General planner:\u00a0\u00a0<\/b> Plan + Grund Verwaltungs- und Planungsgesllschaft mbH<b><br \/>\nContact:<\/b> Dieter Daubenb\u00fcchel<br \/>\nSalierring 32<br \/>\n50677 K\u00f6ln<br \/>\nTel.: 0221. 99 77 970<br \/>\nFax: 0221. 99 77 933<br \/>\n<a class=\"external-link-new-window\" title=\"Opens external link in new window\" href=\"http:\/\/www.plan-und-grund.de\/\">www.plan-und-grund.de\u00a0 <\/a><br \/>\n<b>Architect:<\/b> Architectuurstudio Herman Hertzberger<br \/>\nGerard Doustraat 220<br \/>\nNL-1073 XB Amsterdam<br \/>\nFon: 0031\/20 67 65 888<br \/>\nFax: 0031\/20 67 35 510<b><br \/>\nContact architect: <\/b>B\u00fcro f\u00fcr Planung und Projektsteuerung<br \/>\nDipl.-Ing. Rolf Vollmer Architekt BDA<br \/>\nArndtsra\u00dfe 10<br \/>\n50676 K\u00f6ln<br \/>\nFon: 0221\/240 60 06<br \/>\nFax: 0221\/240 60 07<b><\/b><\/p>\n<p>Vermarktung\/Vermietung: Development Partner Immobilien Consulting GmbH<br \/>\nThorsten Hotop<br \/>\nAgrippinawerft 10<br \/>\n50678 K\u00f6ln<\/p>\n<p class=\"align-left\">Fon.: 0221 &#8211; 80 16 13 0<br \/>\nFax: 0221 &#8211; 80 16 13 29<br \/>\n<a class=\"external-link-new-window\" title=\"Opens external link in new window\" href=\"http:\/\/www.dpic-gmbh.de\/\">www.dpic-gmbh.de<\/a><b><br \/>\n<\/b>E-Mail: <a href=\"mailto:t.hotop@dpic-gmbh.de\">t.hotop@dpic-gmbh.de <\/a><\/p>\n<p>[\/vc_column_text][vc_gallery type=&#8221;image_grid&#8221; images=&#8221;2541,2545,2547,2539,2537&#8243;][\/vc_column][\/vc_row]<\/p>\n<\/div>","protected":false},"excerpt":{"rendered":"<p>[vc_row][vc_column][vc_single_image image=&#8221;2535&#8243; img_size=&#8221;full&#8221; alignment=&#8221;center&#8221; el_class=&#8221;content-title-image&#8221;][\/vc_column][\/vc_row][vc_row el_class=&#8221;flex-row&#8221;][vc_column offset=&#8221;vc_col-lg-3 vc_col-md-4 vc_col-xs-12&#8243; el_class=&#8221;float-sm-right&#8221;][\/vc_column][vc_column css=&#8221;.vc_custom_1496213929825{background-color: #ffffff !important;}&#8221; offset=&#8221;vc_col-lg-9 vc_col-md-8 vc_col-xs-12&#8243; el_class=&#8221;float-sm-left&#8221;][vc_row_inner][vc_column_inner el_class=&#8221;content-headline&#8221;][vc_column_text] In MediaPark 4 &#8211; Forum [\/vc_column_text][\/vc_column_inner][\/vc_row_inner][vc_column_text] Gross floor area: 42.000m\u00b2 Rental area: 34.000m\u00b2\u00a0 Enclosed space: 245.000m\u00b3\u00a0\u00a0 Construction type: Reinforced concrete\u00a0 Parking area\/spaces: 635\u00a0 Year of construction: 2001-2003 Client: Media Park Block 5 AHZ GmbH &amp; Co. KG&hellip;<\/p>\n","protected":false},"author":1,"featured_media":0,"parent":862,"menu_order":4,"comment_status":"closed","ping_status":"closed","template":"","meta":{"_acf_changed":false,"footnotes":""},"class_list":["post-874","page","type-page","status-publish","hentry"],"acf":[],"yoast_head":"<!-- This site is optimized with the Yoast SEO plugin v24.2 - https:\/\/yoast.com\/wordpress\/plugins\/seo\/ -->\n<title>In MediaPark 4 - Forum - MediaPark K\u00f6ln<\/title>\n<meta name=\"description\" content=\"Im Bauprojekt MediaPark 4 (Forum) ist das traditionelle Prinzip des klassischen Stadtblocksbuchst\u00e4blich von innen nach au\u00dfen gekehrt.\" \/>\n<meta name=\"robots\" content=\"index, follow, max-snippet:-1, max-image-preview:large, max-video-preview:-1\" \/>\n<link rel=\"canonical\" href=\"https:\/\/www.mediapark.de\/en\/location-mediapark\/buildings\/im-mediapark-4-forum\/\" \/>\n<meta property=\"og:locale\" content=\"en_US\" \/>\n<meta property=\"og:type\" content=\"article\" \/>\n<meta property=\"og:title\" content=\"In MediaPark 4 - Forum - MediaPark K\u00f6ln\" \/>\n<meta property=\"og:description\" content=\"Im Bauprojekt MediaPark 4 (Forum) ist das traditionelle Prinzip des klassischen Stadtblocksbuchst\u00e4blich von innen nach au\u00dfen gekehrt.\" \/>\n<meta property=\"og:url\" content=\"https:\/\/www.mediapark.de\/en\/location-mediapark\/buildings\/im-mediapark-4-forum\/\" \/>\n<meta property=\"og:site_name\" content=\"MediaPark K\u00f6ln\" \/>\n<meta property=\"article:publisher\" content=\"http:\/\/www.facebook.com\/pages\/MediaPark\/360959134018223\" \/>\n<meta property=\"article:modified_time\" content=\"2018-04-12T15:00:02+00:00\" \/>\n<meta name=\"twitter:card\" content=\"summary_large_image\" \/>\n<meta name=\"twitter:site\" content=\"@MediaParkKoeln\" \/>\n<meta name=\"twitter:label1\" content=\"Est. reading time\" \/>\n\t<meta name=\"twitter:data1\" content=\"1 minute\" \/>\n<script type=\"application\/ld+json\" class=\"yoast-schema-graph\">{\"@context\":\"https:\/\/schema.org\",\"@graph\":[{\"@type\":\"WebPage\",\"@id\":\"https:\/\/www.mediapark.de\/en\/location-mediapark\/buildings\/im-mediapark-4-forum\/\",\"url\":\"https:\/\/www.mediapark.de\/en\/location-mediapark\/buildings\/im-mediapark-4-forum\/\",\"name\":\"In MediaPark 4 - Forum - MediaPark K\u00f6ln\",\"isPartOf\":{\"@id\":\"https:\/\/www.mediapark.de\/#website\"},\"datePublished\":\"2017-04-26T06:50:21+00:00\",\"dateModified\":\"2018-04-12T15:00:02+00:00\",\"description\":\"Im Bauprojekt MediaPark 4 (Forum) ist das traditionelle Prinzip des klassischen Stadtblocksbuchst\u00e4blich von innen nach au\u00dfen gekehrt.\",\"breadcrumb\":{\"@id\":\"https:\/\/www.mediapark.de\/en\/location-mediapark\/buildings\/im-mediapark-4-forum\/#breadcrumb\"},\"inLanguage\":\"en-US\",\"potentialAction\":[{\"@type\":\"ReadAction\",\"target\":[\"https:\/\/www.mediapark.de\/en\/location-mediapark\/buildings\/im-mediapark-4-forum\/\"]}]},{\"@type\":\"BreadcrumbList\",\"@id\":\"https:\/\/www.mediapark.de\/en\/location-mediapark\/buildings\/im-mediapark-4-forum\/#breadcrumb\",\"itemListElement\":[{\"@type\":\"ListItem\",\"position\":1,\"name\":\"Startseite\",\"item\":\"https:\/\/www.mediapark.de\/en\/\"},{\"@type\":\"ListItem\",\"position\":2,\"name\":\"Location MediaPark\",\"item\":\"https:\/\/www.mediapark.de\/en\/location-mediapark\/\"},{\"@type\":\"ListItem\",\"position\":3,\"name\":\"Buildings\",\"item\":\"https:\/\/www.mediapark.de\/en\/location-mediapark\/buildings\/\"},{\"@type\":\"ListItem\",\"position\":4,\"name\":\"In MediaPark 4 &#8211; Forum\"}]},{\"@type\":\"WebSite\",\"@id\":\"https:\/\/www.mediapark.de\/#website\",\"url\":\"https:\/\/www.mediapark.de\/\",\"name\":\"MediaPark K\u00f6ln\",\"description\":\"\",\"potentialAction\":[{\"@type\":\"SearchAction\",\"target\":{\"@type\":\"EntryPoint\",\"urlTemplate\":\"https:\/\/www.mediapark.de\/?s={search_term_string}\"},\"query-input\":{\"@type\":\"PropertyValueSpecification\",\"valueRequired\":true,\"valueName\":\"search_term_string\"}}],\"inLanguage\":\"en-US\"}]}<\/script>\n<!-- \/ Yoast SEO plugin. -->","yoast_head_json":{"title":"In MediaPark 4 - Forum - MediaPark K\u00f6ln","description":"Im Bauprojekt MediaPark 4 (Forum) ist das traditionelle Prinzip des klassischen Stadtblocksbuchst\u00e4blich von innen nach au\u00dfen gekehrt.","robots":{"index":"index","follow":"follow","max-snippet":"max-snippet:-1","max-image-preview":"max-image-preview:large","max-video-preview":"max-video-preview:-1"},"canonical":"https:\/\/www.mediapark.de\/en\/location-mediapark\/buildings\/im-mediapark-4-forum\/","og_locale":"en_US","og_type":"article","og_title":"In MediaPark 4 - Forum - MediaPark K\u00f6ln","og_description":"Im Bauprojekt MediaPark 4 (Forum) ist das traditionelle Prinzip des klassischen Stadtblocksbuchst\u00e4blich von innen nach au\u00dfen gekehrt.","og_url":"https:\/\/www.mediapark.de\/en\/location-mediapark\/buildings\/im-mediapark-4-forum\/","og_site_name":"MediaPark K\u00f6ln","article_publisher":"http:\/\/www.facebook.com\/pages\/MediaPark\/360959134018223","article_modified_time":"2018-04-12T15:00:02+00:00","twitter_card":"summary_large_image","twitter_site":"@MediaParkKoeln","twitter_misc":{"Est. reading time":"1 minute"},"schema":{"@context":"https:\/\/schema.org","@graph":[{"@type":"WebPage","@id":"https:\/\/www.mediapark.de\/en\/location-mediapark\/buildings\/im-mediapark-4-forum\/","url":"https:\/\/www.mediapark.de\/en\/location-mediapark\/buildings\/im-mediapark-4-forum\/","name":"In MediaPark 4 - Forum - MediaPark K\u00f6ln","isPartOf":{"@id":"https:\/\/www.mediapark.de\/#website"},"datePublished":"2017-04-26T06:50:21+00:00","dateModified":"2018-04-12T15:00:02+00:00","description":"Im Bauprojekt MediaPark 4 (Forum) ist das traditionelle Prinzip des klassischen Stadtblocksbuchst\u00e4blich von innen nach au\u00dfen gekehrt.","breadcrumb":{"@id":"https:\/\/www.mediapark.de\/en\/location-mediapark\/buildings\/im-mediapark-4-forum\/#breadcrumb"},"inLanguage":"en-US","potentialAction":[{"@type":"ReadAction","target":["https:\/\/www.mediapark.de\/en\/location-mediapark\/buildings\/im-mediapark-4-forum\/"]}]},{"@type":"BreadcrumbList","@id":"https:\/\/www.mediapark.de\/en\/location-mediapark\/buildings\/im-mediapark-4-forum\/#breadcrumb","itemListElement":[{"@type":"ListItem","position":1,"name":"Startseite","item":"https:\/\/www.mediapark.de\/en\/"},{"@type":"ListItem","position":2,"name":"Location MediaPark","item":"https:\/\/www.mediapark.de\/en\/location-mediapark\/"},{"@type":"ListItem","position":3,"name":"Buildings","item":"https:\/\/www.mediapark.de\/en\/location-mediapark\/buildings\/"},{"@type":"ListItem","position":4,"name":"In MediaPark 4 &#8211; Forum"}]},{"@type":"WebSite","@id":"https:\/\/www.mediapark.de\/#website","url":"https:\/\/www.mediapark.de\/","name":"MediaPark K\u00f6ln","description":"","potentialAction":[{"@type":"SearchAction","target":{"@type":"EntryPoint","urlTemplate":"https:\/\/www.mediapark.de\/?s={search_term_string}"},"query-input":{"@type":"PropertyValueSpecification","valueRequired":true,"valueName":"search_term_string"}}],"inLanguage":"en-US"}]}},"_links":{"self":[{"href":"https:\/\/www.mediapark.de\/en\/wp-json\/wp\/v2\/pages\/874","targetHints":{"allow":["GET"]}}],"collection":[{"href":"https:\/\/www.mediapark.de\/en\/wp-json\/wp\/v2\/pages"}],"about":[{"href":"https:\/\/www.mediapark.de\/en\/wp-json\/wp\/v2\/types\/page"}],"author":[{"embeddable":true,"href":"https:\/\/www.mediapark.de\/en\/wp-json\/wp\/v2\/users\/1"}],"replies":[{"embeddable":true,"href":"https:\/\/www.mediapark.de\/en\/wp-json\/wp\/v2\/comments?post=874"}],"version-history":[{"count":7,"href":"https:\/\/www.mediapark.de\/en\/wp-json\/wp\/v2\/pages\/874\/revisions"}],"predecessor-version":[{"id":3350,"href":"https:\/\/www.mediapark.de\/en\/wp-json\/wp\/v2\/pages\/874\/revisions\/3350"}],"up":[{"embeddable":true,"href":"https:\/\/www.mediapark.de\/en\/wp-json\/wp\/v2\/pages\/862"}],"wp:attachment":[{"href":"https:\/\/www.mediapark.de\/en\/wp-json\/wp\/v2\/media?parent=874"}],"curies":[{"name":"wp","href":"https:\/\/api.w.org\/{rel}","templated":true}]}}