{"id":878,"date":"2017-04-26T08:51:31","date_gmt":"2017-04-26T06:51:31","guid":{"rendered":"http:\/\/www.mediapark.de\/?page_id=878\/"},"modified":"2018-04-12T17:02:08","modified_gmt":"2018-04-12T15:02:08","slug":"im-mediapark-6","status":"publish","type":"page","link":"https:\/\/www.mediapark.de\/en\/location-mediapark\/buildings\/im-mediapark-6\/","title":{"rendered":"In MediaPark 6"},"content":{"rendered":"<div class=\"wpb-content-wrapper\"><p>[vc_row][vc_column][vc_single_image image=&#8221;2564&#8243; img_size=&#8221;full&#8221; alignment=&#8221;center&#8221; el_class=&#8221;content-title-image&#8221;][\/vc_column][\/vc_row][vc_row el_class=&#8221;flex-row&#8221;][vc_column offset=&#8221;vc_col-lg-3 vc_col-md-4 vc_col-xs-12&#8243; el_class=&#8221;float-sm-right&#8221;][\/vc_column][vc_column css=&#8221;.vc_custom_1496213929825{background-color: #ffffff !important;}&#8221; offset=&#8221;vc_col-lg-9 vc_col-md-8 vc_col-xs-12&#8243; el_class=&#8221;float-sm-left&#8221;][vc_row_inner][vc_column_inner el_class=&#8221;content-headline&#8221;][vc_column_text]<\/p>\n<h1>In MediaPark 6<\/h1>\n<p>[\/vc_column_text][\/vc_column_inner][\/vc_row_inner][vc_column_text]<b>Gross floor area: <\/b>31.000m\u00b2<b><br \/>\nRental area: <\/b>19.411m\u00b2<b><br \/>\nEnclosed space: <\/b>130.400m\u00b3<b><br \/>\nConstruction type:<\/b> Reinforced concrete skeletal structure<b><br \/>\nParking area\/spaces: <\/b>266<b><br \/>\nYear of construction: <\/b>1997-2000<b><br \/>\nClient: <\/b>Victoria Lebensversicherung AG<b><br \/>\n<\/b>[\/vc_column_text][vc_column_text]<b>Architect:<br \/>\n<\/b>Architekturb\u00fcro Mronz<br \/>\nAm Gibbelsberg 10<br \/>\n50933 K\u00f6ln<br \/>\nFon: 0221\/88 88 15-0,Fax:-15<br \/>\nContact: Dipl.-Ing. Nicole Mronz<b><\/b><\/p>\n<p>Architekturb\u00fcro Kottmair<br \/>\nL\u00f6venicher Weg 36<br \/>\n50933 K\u00f6ln<br \/>\nFon: 0221\/94 97 92-0, Fax: -99<br \/>\nContact: Dipl.-Ing. Hanspeter Kottmair[\/vc_column_text][vc_gallery type=&#8221;image_grid&#8221; images=&#8221;2574,2568,2570,2576,2578&#8243;][\/vc_column][\/vc_row]<\/p>\n<\/div>","protected":false},"excerpt":{"rendered":"<p>[vc_row][vc_column][vc_single_image image=&#8221;2564&#8243; img_size=&#8221;full&#8221; alignment=&#8221;center&#8221; el_class=&#8221;content-title-image&#8221;][\/vc_column][\/vc_row][vc_row el_class=&#8221;flex-row&#8221;][vc_column offset=&#8221;vc_col-lg-3 vc_col-md-4 vc_col-xs-12&#8243; el_class=&#8221;float-sm-right&#8221;][\/vc_column][vc_column css=&#8221;.vc_custom_1496213929825{background-color: #ffffff !important;}&#8221; offset=&#8221;vc_col-lg-9 vc_col-md-8 vc_col-xs-12&#8243; el_class=&#8221;float-sm-left&#8221;][vc_row_inner][vc_column_inner el_class=&#8221;content-headline&#8221;][vc_column_text] In MediaPark 6 [\/vc_column_text][\/vc_column_inner][\/vc_row_inner][vc_column_text]Gross floor area: 31.000m\u00b2 Rental area: 19.411m\u00b2 Enclosed space: 130.400m\u00b3 Construction type: Reinforced concrete skeletal structure Parking area\/spaces: 266 Year of construction: 1997-2000 Client: Victoria Lebensversicherung AG [\/vc_column_text][vc_column_text]Architect: Architekturb\u00fcro Mronz Am Gibbelsberg 10 50933&hellip;<\/p>\n","protected":false},"author":1,"featured_media":0,"parent":862,"menu_order":6,"comment_status":"closed","ping_status":"closed","template":"","meta":{"_acf_changed":false,"footnotes":""},"class_list":["post-878","page","type-page","status-publish","hentry"],"acf":[],"yoast_head":"<!-- This site is optimized with the Yoast SEO plugin v24.2 - https:\/\/yoast.com\/wordpress\/plugins\/seo\/ -->\n<title>In MediaPark 6 - MediaPark K\u00f6ln<\/title>\n<meta name=\"description\" content=\"Das Geb\u00e4ude \u201eIm MediaPark 6\u201c ist ein Teil der st\u00e4dtebaulichen Gesamtkonzeption. In ihm befinden sich neben B\u00fcros auch eine Veranstaltungsfl\u00e4che.\" \/>\n<meta name=\"robots\" content=\"index, follow, max-snippet:-1, max-image-preview:large, max-video-preview:-1\" \/>\n<link rel=\"canonical\" href=\"https:\/\/www.mediapark.de\/en\/location-mediapark\/buildings\/im-mediapark-6\/\" \/>\n<meta property=\"og:locale\" content=\"en_US\" \/>\n<meta property=\"og:type\" content=\"article\" \/>\n<meta property=\"og:title\" content=\"In MediaPark 6 - MediaPark K\u00f6ln\" \/>\n<meta property=\"og:description\" content=\"Das Geb\u00e4ude \u201eIm MediaPark 6\u201c ist ein Teil der st\u00e4dtebaulichen Gesamtkonzeption. In ihm befinden sich neben B\u00fcros auch eine Veranstaltungsfl\u00e4che.\" \/>\n<meta property=\"og:url\" content=\"https:\/\/www.mediapark.de\/en\/location-mediapark\/buildings\/im-mediapark-6\/\" \/>\n<meta property=\"og:site_name\" content=\"MediaPark K\u00f6ln\" \/>\n<meta property=\"article:publisher\" content=\"http:\/\/www.facebook.com\/pages\/MediaPark\/360959134018223\" \/>\n<meta property=\"article:modified_time\" content=\"2018-04-12T15:02:08+00:00\" \/>\n<meta name=\"twitter:card\" content=\"summary_large_image\" \/>\n<meta name=\"twitter:site\" content=\"@MediaParkKoeln\" \/>\n<meta name=\"twitter:label1\" content=\"Est. reading time\" \/>\n\t<meta name=\"twitter:data1\" content=\"1 minute\" \/>\n<script type=\"application\/ld+json\" class=\"yoast-schema-graph\">{\"@context\":\"https:\/\/schema.org\",\"@graph\":[{\"@type\":\"WebPage\",\"@id\":\"https:\/\/www.mediapark.de\/en\/location-mediapark\/buildings\/im-mediapark-6\/\",\"url\":\"https:\/\/www.mediapark.de\/en\/location-mediapark\/buildings\/im-mediapark-6\/\",\"name\":\"In MediaPark 6 - MediaPark K\u00f6ln\",\"isPartOf\":{\"@id\":\"https:\/\/www.mediapark.de\/#website\"},\"datePublished\":\"2017-04-26T06:51:31+00:00\",\"dateModified\":\"2018-04-12T15:02:08+00:00\",\"description\":\"Das Geb\u00e4ude \u201eIm MediaPark 6\u201c ist ein Teil der st\u00e4dtebaulichen Gesamtkonzeption. In ihm befinden sich neben B\u00fcros auch eine Veranstaltungsfl\u00e4che.\",\"breadcrumb\":{\"@id\":\"https:\/\/www.mediapark.de\/en\/location-mediapark\/buildings\/im-mediapark-6\/#breadcrumb\"},\"inLanguage\":\"en-US\",\"potentialAction\":[{\"@type\":\"ReadAction\",\"target\":[\"https:\/\/www.mediapark.de\/en\/location-mediapark\/buildings\/im-mediapark-6\/\"]}]},{\"@type\":\"BreadcrumbList\",\"@id\":\"https:\/\/www.mediapark.de\/en\/location-mediapark\/buildings\/im-mediapark-6\/#breadcrumb\",\"itemListElement\":[{\"@type\":\"ListItem\",\"position\":1,\"name\":\"Startseite\",\"item\":\"https:\/\/www.mediapark.de\/en\/\"},{\"@type\":\"ListItem\",\"position\":2,\"name\":\"Location MediaPark\",\"item\":\"https:\/\/www.mediapark.de\/en\/location-mediapark\/\"},{\"@type\":\"ListItem\",\"position\":3,\"name\":\"Buildings\",\"item\":\"https:\/\/www.mediapark.de\/en\/location-mediapark\/buildings\/\"},{\"@type\":\"ListItem\",\"position\":4,\"name\":\"In MediaPark 6\"}]},{\"@type\":\"WebSite\",\"@id\":\"https:\/\/www.mediapark.de\/#website\",\"url\":\"https:\/\/www.mediapark.de\/\",\"name\":\"MediaPark K\u00f6ln\",\"description\":\"\",\"potentialAction\":[{\"@type\":\"SearchAction\",\"target\":{\"@type\":\"EntryPoint\",\"urlTemplate\":\"https:\/\/www.mediapark.de\/?s={search_term_string}\"},\"query-input\":{\"@type\":\"PropertyValueSpecification\",\"valueRequired\":true,\"valueName\":\"search_term_string\"}}],\"inLanguage\":\"en-US\"}]}<\/script>\n<!-- \/ Yoast SEO plugin. -->","yoast_head_json":{"title":"In MediaPark 6 - MediaPark K\u00f6ln","description":"Das Geb\u00e4ude \u201eIm MediaPark 6\u201c ist ein Teil der st\u00e4dtebaulichen Gesamtkonzeption. In ihm befinden sich neben B\u00fcros auch eine Veranstaltungsfl\u00e4che.","robots":{"index":"index","follow":"follow","max-snippet":"max-snippet:-1","max-image-preview":"max-image-preview:large","max-video-preview":"max-video-preview:-1"},"canonical":"https:\/\/www.mediapark.de\/en\/location-mediapark\/buildings\/im-mediapark-6\/","og_locale":"en_US","og_type":"article","og_title":"In MediaPark 6 - MediaPark K\u00f6ln","og_description":"Das Geb\u00e4ude \u201eIm MediaPark 6\u201c ist ein Teil der st\u00e4dtebaulichen Gesamtkonzeption. In ihm befinden sich neben B\u00fcros auch eine Veranstaltungsfl\u00e4che.","og_url":"https:\/\/www.mediapark.de\/en\/location-mediapark\/buildings\/im-mediapark-6\/","og_site_name":"MediaPark K\u00f6ln","article_publisher":"http:\/\/www.facebook.com\/pages\/MediaPark\/360959134018223","article_modified_time":"2018-04-12T15:02:08+00:00","twitter_card":"summary_large_image","twitter_site":"@MediaParkKoeln","twitter_misc":{"Est. reading time":"1 minute"},"schema":{"@context":"https:\/\/schema.org","@graph":[{"@type":"WebPage","@id":"https:\/\/www.mediapark.de\/en\/location-mediapark\/buildings\/im-mediapark-6\/","url":"https:\/\/www.mediapark.de\/en\/location-mediapark\/buildings\/im-mediapark-6\/","name":"In MediaPark 6 - MediaPark K\u00f6ln","isPartOf":{"@id":"https:\/\/www.mediapark.de\/#website"},"datePublished":"2017-04-26T06:51:31+00:00","dateModified":"2018-04-12T15:02:08+00:00","description":"Das Geb\u00e4ude \u201eIm MediaPark 6\u201c ist ein Teil der st\u00e4dtebaulichen Gesamtkonzeption. In ihm befinden sich neben B\u00fcros auch eine Veranstaltungsfl\u00e4che.","breadcrumb":{"@id":"https:\/\/www.mediapark.de\/en\/location-mediapark\/buildings\/im-mediapark-6\/#breadcrumb"},"inLanguage":"en-US","potentialAction":[{"@type":"ReadAction","target":["https:\/\/www.mediapark.de\/en\/location-mediapark\/buildings\/im-mediapark-6\/"]}]},{"@type":"BreadcrumbList","@id":"https:\/\/www.mediapark.de\/en\/location-mediapark\/buildings\/im-mediapark-6\/#breadcrumb","itemListElement":[{"@type":"ListItem","position":1,"name":"Startseite","item":"https:\/\/www.mediapark.de\/en\/"},{"@type":"ListItem","position":2,"name":"Location MediaPark","item":"https:\/\/www.mediapark.de\/en\/location-mediapark\/"},{"@type":"ListItem","position":3,"name":"Buildings","item":"https:\/\/www.mediapark.de\/en\/location-mediapark\/buildings\/"},{"@type":"ListItem","position":4,"name":"In MediaPark 6"}]},{"@type":"WebSite","@id":"https:\/\/www.mediapark.de\/#website","url":"https:\/\/www.mediapark.de\/","name":"MediaPark K\u00f6ln","description":"","potentialAction":[{"@type":"SearchAction","target":{"@type":"EntryPoint","urlTemplate":"https:\/\/www.mediapark.de\/?s={search_term_string}"},"query-input":{"@type":"PropertyValueSpecification","valueRequired":true,"valueName":"search_term_string"}}],"inLanguage":"en-US"}]}},"_links":{"self":[{"href":"https:\/\/www.mediapark.de\/en\/wp-json\/wp\/v2\/pages\/878","targetHints":{"allow":["GET"]}}],"collection":[{"href":"https:\/\/www.mediapark.de\/en\/wp-json\/wp\/v2\/pages"}],"about":[{"href":"https:\/\/www.mediapark.de\/en\/wp-json\/wp\/v2\/types\/page"}],"author":[{"embeddable":true,"href":"https:\/\/www.mediapark.de\/en\/wp-json\/wp\/v2\/users\/1"}],"replies":[{"embeddable":true,"href":"https:\/\/www.mediapark.de\/en\/wp-json\/wp\/v2\/comments?post=878"}],"version-history":[{"count":7,"href":"https:\/\/www.mediapark.de\/en\/wp-json\/wp\/v2\/pages\/878\/revisions"}],"predecessor-version":[{"id":3352,"href":"https:\/\/www.mediapark.de\/en\/wp-json\/wp\/v2\/pages\/878\/revisions\/3352"}],"up":[{"embeddable":true,"href":"https:\/\/www.mediapark.de\/en\/wp-json\/wp\/v2\/pages\/862"}],"wp:attachment":[{"href":"https:\/\/www.mediapark.de\/en\/wp-json\/wp\/v2\/media?parent=878"}],"curies":[{"name":"wp","href":"https:\/\/api.w.org\/{rel}","templated":true}]}}