{"id":884,"date":"2017-04-26T08:53:04","date_gmt":"2017-04-26T06:53:04","guid":{"rendered":"http:\/\/www.mediapark.de\/?page_id=884\/"},"modified":"2018-04-12T17:03:53","modified_gmt":"2018-04-12T15:03:53","slug":"im-mediapark-8a","status":"publish","type":"page","link":"https:\/\/www.mediapark.de\/en\/location-mediapark\/buildings\/im-mediapark-8a\/","title":{"rendered":"In MediaPark 8a"},"content":{"rendered":"<div class=\"wpb-content-wrapper\"><p>[vc_row][vc_column][vc_single_image image=&#8221;2607&#8243; img_size=&#8221;full&#8221; alignment=&#8221;center&#8221; el_class=&#8221;content-title-image&#8221;][\/vc_column][\/vc_row][vc_row el_class=&#8221;flex-row&#8221;][vc_column offset=&#8221;vc_col-lg-3 vc_col-md-4 vc_col-xs-12&#8243; el_class=&#8221;float-sm-right&#8221;][\/vc_column][vc_column css=&#8221;.vc_custom_1496213929825{background-color: #ffffff !important;}&#8221; offset=&#8221;vc_col-lg-9 vc_col-md-8 vc_col-xs-12&#8243; el_class=&#8221;float-sm-left&#8221;][vc_row_inner][vc_column_inner el_class=&#8221;content-headline&#8221;][vc_column_text]<\/p>\n<h1>In MediaPark 8a<\/h1>\n<p>[\/vc_column_text][\/vc_column_inner][\/vc_row_inner][vc_column_text]<b>Gross floor area: <\/b>10.687m\u00b2<b><br \/>\nRental area: <\/b>50.226m\u00b2<b><br \/>\nEnclosed space: <\/b>35.802m\u00b3<b><br \/>\nConstruction type: <\/b>Reinforced concrete<b>\u00a0<\/b><b><br \/>\nParking area\/spaces: <\/b>125<b><br \/>\nYear of construction: <\/b>1999-2000<b><br \/>\nConstructor: <\/b>Kappa Grundst\u00fccksentwicklung GmbH &amp; Co. KG<\/p>\n<p><b>Marketing\/Renting<\/b><b>:<\/b> Development Partner Immobilien Consulting GmbH<br \/>\nThorsten Hotop<br \/>\nAgrippinawerft 10<br \/>\n50678 K\u00f6ln<br \/>\nFon.: 0221 &#8211; 80 16 13 0<br \/>\nFax: 0221 &#8211; 80 16 13 29<br \/>\n<a class=\"external-link-new-window\" title=\"Opens external link in new window\" href=\"http:\/\/www.dpic-gmbh.de\/\">www.dpic-gmbh.de<\/a><b><br \/>\n<\/b>E-Mail: <a href=\"mailto:t.hotop@dpic-gmbh.de\">t.hotop@dpic-gmbh.de<\/a>[\/vc_column_text][vc_column_text]<\/p>\n<p class=\"align-left\"><b>Architect: <\/b>Thomas Kostulski Architekten BDA<br \/>\nTiberiusstra\u00dfe 4<br \/>\n50968 K\u00f6ln<br \/>\nFon:0221\/ 93 46 38-0<br \/>\nFax: 0221\/ 93 46 38-0<br \/>\nE-mail: <a class=\"mail\" title=\"Opens window for sending email\" href=\"mailto:thomas@kostulski-architekten.de\">thomas@kostulski-architekten.de<\/a><br \/>\nContact: Thomas Kostulski<\/p>\n<p>[\/vc_column_text][vc_gallery type=&#8221;image_grid&#8221; images=&#8221;2591,2612,2610,2593&#8243;][\/vc_column][\/vc_row]<\/p>\n<\/div>","protected":false},"excerpt":{"rendered":"<p>[vc_row][vc_column][vc_single_image image=&#8221;2607&#8243; img_size=&#8221;full&#8221; alignment=&#8221;center&#8221; el_class=&#8221;content-title-image&#8221;][\/vc_column][\/vc_row][vc_row el_class=&#8221;flex-row&#8221;][vc_column offset=&#8221;vc_col-lg-3 vc_col-md-4 vc_col-xs-12&#8243; el_class=&#8221;float-sm-right&#8221;][\/vc_column][vc_column css=&#8221;.vc_custom_1496213929825{background-color: #ffffff !important;}&#8221; offset=&#8221;vc_col-lg-9 vc_col-md-8 vc_col-xs-12&#8243; el_class=&#8221;float-sm-left&#8221;][vc_row_inner][vc_column_inner el_class=&#8221;content-headline&#8221;][vc_column_text] In MediaPark 8a [\/vc_column_text][\/vc_column_inner][\/vc_row_inner][vc_column_text]Gross floor area: 10.687m\u00b2 Rental area: 50.226m\u00b2 Enclosed space: 35.802m\u00b3 Construction type: Reinforced concrete\u00a0 Parking area\/spaces: 125 Year of construction: 1999-2000 Constructor: Kappa Grundst\u00fccksentwicklung GmbH &amp; Co. KG Marketing\/Renting: Development Partner Immobilien Consulting GmbH&hellip;<\/p>\n","protected":false},"author":1,"featured_media":0,"parent":862,"menu_order":9,"comment_status":"closed","ping_status":"closed","template":"","meta":{"_acf_changed":false,"footnotes":""},"class_list":["post-884","page","type-page","status-publish","hentry"],"acf":[],"yoast_head":"<!-- This site is optimized with the Yoast SEO plugin v24.2 - https:\/\/yoast.com\/wordpress\/plugins\/seo\/ -->\n<title>In MediaPark 8a - MediaPark K\u00f6ln<\/title>\n<meta name=\"description\" content=\"Die Einzelgeb\u00e4ude des Geb\u00e4udekomplexes 8, darunter auch Im MediaPark 8a, stehen in verdrehten Winkeln, der Baulinie folgend \u201eauf L\u00fccke\u201c zueinander.\" \/>\n<meta name=\"robots\" content=\"index, follow, max-snippet:-1, max-image-preview:large, max-video-preview:-1\" \/>\n<link rel=\"canonical\" href=\"https:\/\/www.mediapark.de\/en\/location-mediapark\/buildings\/im-mediapark-8a\/\" \/>\n<meta property=\"og:locale\" content=\"en_US\" \/>\n<meta property=\"og:type\" content=\"article\" \/>\n<meta property=\"og:title\" content=\"In MediaPark 8a - MediaPark K\u00f6ln\" \/>\n<meta property=\"og:description\" content=\"Die Einzelgeb\u00e4ude des Geb\u00e4udekomplexes 8, darunter auch Im MediaPark 8a, stehen in verdrehten Winkeln, der Baulinie folgend \u201eauf L\u00fccke\u201c zueinander.\" \/>\n<meta property=\"og:url\" content=\"https:\/\/www.mediapark.de\/en\/location-mediapark\/buildings\/im-mediapark-8a\/\" \/>\n<meta property=\"og:site_name\" content=\"MediaPark K\u00f6ln\" \/>\n<meta property=\"article:publisher\" content=\"http:\/\/www.facebook.com\/pages\/MediaPark\/360959134018223\" \/>\n<meta property=\"article:modified_time\" content=\"2018-04-12T15:03:53+00:00\" \/>\n<meta name=\"twitter:card\" content=\"summary_large_image\" \/>\n<meta name=\"twitter:site\" content=\"@MediaParkKoeln\" \/>\n<meta name=\"twitter:label1\" content=\"Est. reading time\" \/>\n\t<meta name=\"twitter:data1\" content=\"1 minute\" \/>\n<script type=\"application\/ld+json\" class=\"yoast-schema-graph\">{\"@context\":\"https:\/\/schema.org\",\"@graph\":[{\"@type\":\"WebPage\",\"@id\":\"https:\/\/www.mediapark.de\/en\/location-mediapark\/buildings\/im-mediapark-8a\/\",\"url\":\"https:\/\/www.mediapark.de\/en\/location-mediapark\/buildings\/im-mediapark-8a\/\",\"name\":\"In MediaPark 8a - MediaPark K\u00f6ln\",\"isPartOf\":{\"@id\":\"https:\/\/www.mediapark.de\/#website\"},\"datePublished\":\"2017-04-26T06:53:04+00:00\",\"dateModified\":\"2018-04-12T15:03:53+00:00\",\"description\":\"Die Einzelgeb\u00e4ude des Geb\u00e4udekomplexes 8, darunter auch Im MediaPark 8a, stehen in verdrehten Winkeln, der Baulinie folgend \u201eauf L\u00fccke\u201c zueinander.\",\"breadcrumb\":{\"@id\":\"https:\/\/www.mediapark.de\/en\/location-mediapark\/buildings\/im-mediapark-8a\/#breadcrumb\"},\"inLanguage\":\"en-US\",\"potentialAction\":[{\"@type\":\"ReadAction\",\"target\":[\"https:\/\/www.mediapark.de\/en\/location-mediapark\/buildings\/im-mediapark-8a\/\"]}]},{\"@type\":\"BreadcrumbList\",\"@id\":\"https:\/\/www.mediapark.de\/en\/location-mediapark\/buildings\/im-mediapark-8a\/#breadcrumb\",\"itemListElement\":[{\"@type\":\"ListItem\",\"position\":1,\"name\":\"Startseite\",\"item\":\"https:\/\/www.mediapark.de\/en\/\"},{\"@type\":\"ListItem\",\"position\":2,\"name\":\"Location MediaPark\",\"item\":\"https:\/\/www.mediapark.de\/en\/location-mediapark\/\"},{\"@type\":\"ListItem\",\"position\":3,\"name\":\"Buildings\",\"item\":\"https:\/\/www.mediapark.de\/en\/location-mediapark\/buildings\/\"},{\"@type\":\"ListItem\",\"position\":4,\"name\":\"In MediaPark 8a\"}]},{\"@type\":\"WebSite\",\"@id\":\"https:\/\/www.mediapark.de\/#website\",\"url\":\"https:\/\/www.mediapark.de\/\",\"name\":\"MediaPark K\u00f6ln\",\"description\":\"\",\"potentialAction\":[{\"@type\":\"SearchAction\",\"target\":{\"@type\":\"EntryPoint\",\"urlTemplate\":\"https:\/\/www.mediapark.de\/?s={search_term_string}\"},\"query-input\":{\"@type\":\"PropertyValueSpecification\",\"valueRequired\":true,\"valueName\":\"search_term_string\"}}],\"inLanguage\":\"en-US\"}]}<\/script>\n<!-- \/ Yoast SEO plugin. -->","yoast_head_json":{"title":"In MediaPark 8a - MediaPark K\u00f6ln","description":"Die Einzelgeb\u00e4ude des Geb\u00e4udekomplexes 8, darunter auch Im MediaPark 8a, stehen in verdrehten Winkeln, der Baulinie folgend \u201eauf L\u00fccke\u201c zueinander.","robots":{"index":"index","follow":"follow","max-snippet":"max-snippet:-1","max-image-preview":"max-image-preview:large","max-video-preview":"max-video-preview:-1"},"canonical":"https:\/\/www.mediapark.de\/en\/location-mediapark\/buildings\/im-mediapark-8a\/","og_locale":"en_US","og_type":"article","og_title":"In MediaPark 8a - MediaPark K\u00f6ln","og_description":"Die Einzelgeb\u00e4ude des Geb\u00e4udekomplexes 8, darunter auch Im MediaPark 8a, stehen in verdrehten Winkeln, der Baulinie folgend \u201eauf L\u00fccke\u201c zueinander.","og_url":"https:\/\/www.mediapark.de\/en\/location-mediapark\/buildings\/im-mediapark-8a\/","og_site_name":"MediaPark K\u00f6ln","article_publisher":"http:\/\/www.facebook.com\/pages\/MediaPark\/360959134018223","article_modified_time":"2018-04-12T15:03:53+00:00","twitter_card":"summary_large_image","twitter_site":"@MediaParkKoeln","twitter_misc":{"Est. reading time":"1 minute"},"schema":{"@context":"https:\/\/schema.org","@graph":[{"@type":"WebPage","@id":"https:\/\/www.mediapark.de\/en\/location-mediapark\/buildings\/im-mediapark-8a\/","url":"https:\/\/www.mediapark.de\/en\/location-mediapark\/buildings\/im-mediapark-8a\/","name":"In MediaPark 8a - MediaPark K\u00f6ln","isPartOf":{"@id":"https:\/\/www.mediapark.de\/#website"},"datePublished":"2017-04-26T06:53:04+00:00","dateModified":"2018-04-12T15:03:53+00:00","description":"Die Einzelgeb\u00e4ude des Geb\u00e4udekomplexes 8, darunter auch Im MediaPark 8a, stehen in verdrehten Winkeln, der Baulinie folgend \u201eauf L\u00fccke\u201c zueinander.","breadcrumb":{"@id":"https:\/\/www.mediapark.de\/en\/location-mediapark\/buildings\/im-mediapark-8a\/#breadcrumb"},"inLanguage":"en-US","potentialAction":[{"@type":"ReadAction","target":["https:\/\/www.mediapark.de\/en\/location-mediapark\/buildings\/im-mediapark-8a\/"]}]},{"@type":"BreadcrumbList","@id":"https:\/\/www.mediapark.de\/en\/location-mediapark\/buildings\/im-mediapark-8a\/#breadcrumb","itemListElement":[{"@type":"ListItem","position":1,"name":"Startseite","item":"https:\/\/www.mediapark.de\/en\/"},{"@type":"ListItem","position":2,"name":"Location MediaPark","item":"https:\/\/www.mediapark.de\/en\/location-mediapark\/"},{"@type":"ListItem","position":3,"name":"Buildings","item":"https:\/\/www.mediapark.de\/en\/location-mediapark\/buildings\/"},{"@type":"ListItem","position":4,"name":"In MediaPark 8a"}]},{"@type":"WebSite","@id":"https:\/\/www.mediapark.de\/#website","url":"https:\/\/www.mediapark.de\/","name":"MediaPark K\u00f6ln","description":"","potentialAction":[{"@type":"SearchAction","target":{"@type":"EntryPoint","urlTemplate":"https:\/\/www.mediapark.de\/?s={search_term_string}"},"query-input":{"@type":"PropertyValueSpecification","valueRequired":true,"valueName":"search_term_string"}}],"inLanguage":"en-US"}]}},"_links":{"self":[{"href":"https:\/\/www.mediapark.de\/en\/wp-json\/wp\/v2\/pages\/884","targetHints":{"allow":["GET"]}}],"collection":[{"href":"https:\/\/www.mediapark.de\/en\/wp-json\/wp\/v2\/pages"}],"about":[{"href":"https:\/\/www.mediapark.de\/en\/wp-json\/wp\/v2\/types\/page"}],"author":[{"embeddable":true,"href":"https:\/\/www.mediapark.de\/en\/wp-json\/wp\/v2\/users\/1"}],"replies":[{"embeddable":true,"href":"https:\/\/www.mediapark.de\/en\/wp-json\/wp\/v2\/comments?post=884"}],"version-history":[{"count":6,"href":"https:\/\/www.mediapark.de\/en\/wp-json\/wp\/v2\/pages\/884\/revisions"}],"predecessor-version":[{"id":3355,"href":"https:\/\/www.mediapark.de\/en\/wp-json\/wp\/v2\/pages\/884\/revisions\/3355"}],"up":[{"embeddable":true,"href":"https:\/\/www.mediapark.de\/en\/wp-json\/wp\/v2\/pages\/862"}],"wp:attachment":[{"href":"https:\/\/www.mediapark.de\/en\/wp-json\/wp\/v2\/media?parent=884"}],"curies":[{"name":"wp","href":"https:\/\/api.w.org\/{rel}","templated":true}]}}