{"id":885,"date":"2017-04-26T08:53:25","date_gmt":"2017-04-26T06:53:25","guid":{"rendered":"http:\/\/www.mediapark.de\/?page_id=885\/"},"modified":"2018-04-12T17:04:10","modified_gmt":"2018-04-12T15:04:10","slug":"in-mediapark-8b-nh-koeln-mediapark","status":"publish","type":"page","link":"https:\/\/www.mediapark.de\/en\/location-mediapark\/buildings\/in-mediapark-8b-nh-koeln-mediapark\/","title":{"rendered":"In MediaPark 8b &#8211;  NH Collection K\u00f6ln MediaPark"},"content":{"rendered":"<div class=\"wpb-content-wrapper\"><p>[vc_row][vc_column][vc_single_image image=&#8221;2615&#8243; img_size=&#8221;full&#8221; alignment=&#8221;center&#8221; el_class=&#8221;content-title-image&#8221;][\/vc_column][\/vc_row][vc_row el_class=&#8221;flex-row&#8221;][vc_column offset=&#8221;vc_col-lg-3 vc_col-md-4 vc_col-xs-12&#8243; el_class=&#8221;float-sm-right&#8221;][\/vc_column][vc_column css=&#8221;.vc_custom_1496213929825{background-color: #ffffff !important;}&#8221; offset=&#8221;vc_col-lg-9 vc_col-md-8 vc_col-xs-12&#8243; el_class=&#8221;float-sm-left&#8221;][vc_row_inner][vc_column_inner el_class=&#8221;content-headline&#8221;][vc_column_text]<\/p>\n<h1>In MediaPark 8b &#8211; NH Collection K\u00f6ln MediaPark<\/h1>\n<p>[\/vc_column_text][\/vc_column_inner][\/vc_row_inner][vc_column_text]<b>Gross floor area:\u00a0<\/b> 13.000m\u00b2<b><br \/>\nRental area: <\/b>11.700m\u00b2<b><br \/>\nEnclosed space: <\/b>39.500m\u00b3<b><br \/>\nConstruction type: <\/b>Reinforced concrete\u00a0<b><br \/>\nParking area\/spaces: 250<\/b> (inkl. im MediaPark 8)<b><br \/>\nYear of construction:<\/b> 1999-2000<b><\/b><\/p>\n<p>Owner: IREF Art-Invest Koeln Hotel S.\u00e1.r.l.<br \/>\n6, rue Adolphe<br \/>\nL-1116 Luxemburg<b><br \/>\n<\/b>[\/vc_column_text][vc_column_text]<b>Architect:<br \/>\n<\/b>Kohl &amp; Fromme Architekten<br \/>\nDreilindenstra\u00dfe 75-77<br \/>\n45128 Essen<br \/>\nFon: 0201\/105 63-0<br \/>\nFax:0201\/105 63-10<br \/>\nContact: Christian Kohl jr.<br \/>\nE-mail: <a class=\"mail\" title=\"Opens window for sending email\" href=\"mailto:c.kohl@kohl-architekten.de\">c.kohl@kohl-architekten.de<\/a><\/p>\n<p>Architectures Jean Nouvel, Paris<br \/>\n10, Cit\u00e9 d\u2019Angouleme<br \/>\nF-75011 Paris<br \/>\nFon: 0033\/14 92 38 383<br \/>\nFax: 0033\/14 31 48 110[\/vc_column_text][vc_gallery type=&#8221;image_grid&#8221; images=&#8221;2621,2617,2619&#8243;][\/vc_column][\/vc_row]<\/p>\n<\/div>","protected":false},"excerpt":{"rendered":"<p>[vc_row][vc_column][vc_single_image image=&#8221;2615&#8243; img_size=&#8221;full&#8221; alignment=&#8221;center&#8221; el_class=&#8221;content-title-image&#8221;][\/vc_column][\/vc_row][vc_row el_class=&#8221;flex-row&#8221;][vc_column offset=&#8221;vc_col-lg-3 vc_col-md-4 vc_col-xs-12&#8243; el_class=&#8221;float-sm-right&#8221;][\/vc_column][vc_column css=&#8221;.vc_custom_1496213929825{background-color: #ffffff !important;}&#8221; offset=&#8221;vc_col-lg-9 vc_col-md-8 vc_col-xs-12&#8243; el_class=&#8221;float-sm-left&#8221;][vc_row_inner][vc_column_inner el_class=&#8221;content-headline&#8221;][vc_column_text] In MediaPark 8b &#8211; NH Collection K\u00f6ln MediaPark [\/vc_column_text][\/vc_column_inner][\/vc_row_inner][vc_column_text]Gross floor area:\u00a0 13.000m\u00b2 Rental area: 11.700m\u00b2 Enclosed space: 39.500m\u00b3 Construction type: Reinforced concrete\u00a0 Parking area\/spaces: 250 (inkl. im MediaPark 8) Year of construction: 1999-2000 Owner: IREF Art-Invest Koeln&hellip;<\/p>\n","protected":false},"author":1,"featured_media":0,"parent":862,"menu_order":10,"comment_status":"closed","ping_status":"closed","template":"","meta":{"_acf_changed":false,"footnotes":""},"class_list":["post-885","page","type-page","status-publish","hentry"],"acf":[],"yoast_head":"<!-- This site is optimized with the Yoast SEO plugin v24.2 - https:\/\/yoast.com\/wordpress\/plugins\/seo\/ -->\n<title>In MediaPark 8b - NH Collection K\u00f6ln MediaPark - MediaPark K\u00f6ln<\/title>\n<meta name=\"description\" content=\"Im MediaPark 8b wird gepr\u00e4gt vom 148,5 m hohen K\u00f6lnTurm, der gemeinsam mit 3 weiteren Bauk\u00f6rpern einEnsemble bildet. Einer dieser Bauk\u00f6rper beherbergt das NH Hotel K\u00f6ln-Mediapark.\" \/>\n<meta name=\"robots\" content=\"index, follow, max-snippet:-1, max-image-preview:large, max-video-preview:-1\" \/>\n<link rel=\"canonical\" href=\"https:\/\/www.mediapark.de\/en\/location-mediapark\/buildings\/in-mediapark-8b-nh-koeln-mediapark\/\" \/>\n<meta property=\"og:locale\" content=\"en_US\" \/>\n<meta property=\"og:type\" content=\"article\" \/>\n<meta property=\"og:title\" content=\"In MediaPark 8b - NH Collection K\u00f6ln MediaPark - MediaPark K\u00f6ln\" \/>\n<meta property=\"og:description\" content=\"Im MediaPark 8b wird gepr\u00e4gt vom 148,5 m hohen K\u00f6lnTurm, der gemeinsam mit 3 weiteren Bauk\u00f6rpern einEnsemble bildet. Einer dieser Bauk\u00f6rper beherbergt das NH Hotel K\u00f6ln-Mediapark.\" \/>\n<meta property=\"og:url\" content=\"https:\/\/www.mediapark.de\/en\/location-mediapark\/buildings\/in-mediapark-8b-nh-koeln-mediapark\/\" \/>\n<meta property=\"og:site_name\" content=\"MediaPark K\u00f6ln\" \/>\n<meta property=\"article:publisher\" content=\"http:\/\/www.facebook.com\/pages\/MediaPark\/360959134018223\" \/>\n<meta property=\"article:modified_time\" content=\"2018-04-12T15:04:10+00:00\" \/>\n<meta name=\"twitter:card\" content=\"summary_large_image\" \/>\n<meta name=\"twitter:site\" content=\"@MediaParkKoeln\" \/>\n<meta name=\"twitter:label1\" content=\"Est. reading time\" \/>\n\t<meta name=\"twitter:data1\" content=\"1 minute\" \/>\n<script type=\"application\/ld+json\" class=\"yoast-schema-graph\">{\"@context\":\"https:\/\/schema.org\",\"@graph\":[{\"@type\":\"WebPage\",\"@id\":\"https:\/\/www.mediapark.de\/en\/location-mediapark\/buildings\/in-mediapark-8b-nh-koeln-mediapark\/\",\"url\":\"https:\/\/www.mediapark.de\/en\/location-mediapark\/buildings\/in-mediapark-8b-nh-koeln-mediapark\/\",\"name\":\"In MediaPark 8b - NH Collection K\u00f6ln MediaPark - MediaPark K\u00f6ln\",\"isPartOf\":{\"@id\":\"https:\/\/www.mediapark.de\/#website\"},\"datePublished\":\"2017-04-26T06:53:25+00:00\",\"dateModified\":\"2018-04-12T15:04:10+00:00\",\"description\":\"Im MediaPark 8b wird gepr\u00e4gt vom 148,5 m hohen K\u00f6lnTurm, der gemeinsam mit 3 weiteren Bauk\u00f6rpern einEnsemble bildet. Einer dieser Bauk\u00f6rper beherbergt das NH Hotel K\u00f6ln-Mediapark.\",\"breadcrumb\":{\"@id\":\"https:\/\/www.mediapark.de\/en\/location-mediapark\/buildings\/in-mediapark-8b-nh-koeln-mediapark\/#breadcrumb\"},\"inLanguage\":\"en-US\",\"potentialAction\":[{\"@type\":\"ReadAction\",\"target\":[\"https:\/\/www.mediapark.de\/en\/location-mediapark\/buildings\/in-mediapark-8b-nh-koeln-mediapark\/\"]}]},{\"@type\":\"BreadcrumbList\",\"@id\":\"https:\/\/www.mediapark.de\/en\/location-mediapark\/buildings\/in-mediapark-8b-nh-koeln-mediapark\/#breadcrumb\",\"itemListElement\":[{\"@type\":\"ListItem\",\"position\":1,\"name\":\"Startseite\",\"item\":\"https:\/\/www.mediapark.de\/en\/\"},{\"@type\":\"ListItem\",\"position\":2,\"name\":\"Location MediaPark\",\"item\":\"https:\/\/www.mediapark.de\/en\/location-mediapark\/\"},{\"@type\":\"ListItem\",\"position\":3,\"name\":\"Buildings\",\"item\":\"https:\/\/www.mediapark.de\/en\/location-mediapark\/buildings\/\"},{\"@type\":\"ListItem\",\"position\":4,\"name\":\"In MediaPark 8b &#8211; NH Collection K\u00f6ln MediaPark\"}]},{\"@type\":\"WebSite\",\"@id\":\"https:\/\/www.mediapark.de\/#website\",\"url\":\"https:\/\/www.mediapark.de\/\",\"name\":\"MediaPark K\u00f6ln\",\"description\":\"\",\"potentialAction\":[{\"@type\":\"SearchAction\",\"target\":{\"@type\":\"EntryPoint\",\"urlTemplate\":\"https:\/\/www.mediapark.de\/?s={search_term_string}\"},\"query-input\":{\"@type\":\"PropertyValueSpecification\",\"valueRequired\":true,\"valueName\":\"search_term_string\"}}],\"inLanguage\":\"en-US\"}]}<\/script>\n<!-- \/ Yoast SEO plugin. -->","yoast_head_json":{"title":"In MediaPark 8b - NH Collection K\u00f6ln MediaPark - MediaPark K\u00f6ln","description":"Im MediaPark 8b wird gepr\u00e4gt vom 148,5 m hohen K\u00f6lnTurm, der gemeinsam mit 3 weiteren Bauk\u00f6rpern einEnsemble bildet. Einer dieser Bauk\u00f6rper beherbergt das NH Hotel K\u00f6ln-Mediapark.","robots":{"index":"index","follow":"follow","max-snippet":"max-snippet:-1","max-image-preview":"max-image-preview:large","max-video-preview":"max-video-preview:-1"},"canonical":"https:\/\/www.mediapark.de\/en\/location-mediapark\/buildings\/in-mediapark-8b-nh-koeln-mediapark\/","og_locale":"en_US","og_type":"article","og_title":"In MediaPark 8b - NH Collection K\u00f6ln MediaPark - MediaPark K\u00f6ln","og_description":"Im MediaPark 8b wird gepr\u00e4gt vom 148,5 m hohen K\u00f6lnTurm, der gemeinsam mit 3 weiteren Bauk\u00f6rpern einEnsemble bildet. Einer dieser Bauk\u00f6rper beherbergt das NH Hotel K\u00f6ln-Mediapark.","og_url":"https:\/\/www.mediapark.de\/en\/location-mediapark\/buildings\/in-mediapark-8b-nh-koeln-mediapark\/","og_site_name":"MediaPark K\u00f6ln","article_publisher":"http:\/\/www.facebook.com\/pages\/MediaPark\/360959134018223","article_modified_time":"2018-04-12T15:04:10+00:00","twitter_card":"summary_large_image","twitter_site":"@MediaParkKoeln","twitter_misc":{"Est. reading time":"1 minute"},"schema":{"@context":"https:\/\/schema.org","@graph":[{"@type":"WebPage","@id":"https:\/\/www.mediapark.de\/en\/location-mediapark\/buildings\/in-mediapark-8b-nh-koeln-mediapark\/","url":"https:\/\/www.mediapark.de\/en\/location-mediapark\/buildings\/in-mediapark-8b-nh-koeln-mediapark\/","name":"In MediaPark 8b - NH Collection K\u00f6ln MediaPark - MediaPark K\u00f6ln","isPartOf":{"@id":"https:\/\/www.mediapark.de\/#website"},"datePublished":"2017-04-26T06:53:25+00:00","dateModified":"2018-04-12T15:04:10+00:00","description":"Im MediaPark 8b wird gepr\u00e4gt vom 148,5 m hohen K\u00f6lnTurm, der gemeinsam mit 3 weiteren Bauk\u00f6rpern einEnsemble bildet. Einer dieser Bauk\u00f6rper beherbergt das NH Hotel K\u00f6ln-Mediapark.","breadcrumb":{"@id":"https:\/\/www.mediapark.de\/en\/location-mediapark\/buildings\/in-mediapark-8b-nh-koeln-mediapark\/#breadcrumb"},"inLanguage":"en-US","potentialAction":[{"@type":"ReadAction","target":["https:\/\/www.mediapark.de\/en\/location-mediapark\/buildings\/in-mediapark-8b-nh-koeln-mediapark\/"]}]},{"@type":"BreadcrumbList","@id":"https:\/\/www.mediapark.de\/en\/location-mediapark\/buildings\/in-mediapark-8b-nh-koeln-mediapark\/#breadcrumb","itemListElement":[{"@type":"ListItem","position":1,"name":"Startseite","item":"https:\/\/www.mediapark.de\/en\/"},{"@type":"ListItem","position":2,"name":"Location MediaPark","item":"https:\/\/www.mediapark.de\/en\/location-mediapark\/"},{"@type":"ListItem","position":3,"name":"Buildings","item":"https:\/\/www.mediapark.de\/en\/location-mediapark\/buildings\/"},{"@type":"ListItem","position":4,"name":"In MediaPark 8b &#8211; NH Collection K\u00f6ln MediaPark"}]},{"@type":"WebSite","@id":"https:\/\/www.mediapark.de\/#website","url":"https:\/\/www.mediapark.de\/","name":"MediaPark K\u00f6ln","description":"","potentialAction":[{"@type":"SearchAction","target":{"@type":"EntryPoint","urlTemplate":"https:\/\/www.mediapark.de\/?s={search_term_string}"},"query-input":{"@type":"PropertyValueSpecification","valueRequired":true,"valueName":"search_term_string"}}],"inLanguage":"en-US"}]}},"_links":{"self":[{"href":"https:\/\/www.mediapark.de\/en\/wp-json\/wp\/v2\/pages\/885","targetHints":{"allow":["GET"]}}],"collection":[{"href":"https:\/\/www.mediapark.de\/en\/wp-json\/wp\/v2\/pages"}],"about":[{"href":"https:\/\/www.mediapark.de\/en\/wp-json\/wp\/v2\/types\/page"}],"author":[{"embeddable":true,"href":"https:\/\/www.mediapark.de\/en\/wp-json\/wp\/v2\/users\/1"}],"replies":[{"embeddable":true,"href":"https:\/\/www.mediapark.de\/en\/wp-json\/wp\/v2\/comments?post=885"}],"version-history":[{"count":8,"href":"https:\/\/www.mediapark.de\/en\/wp-json\/wp\/v2\/pages\/885\/revisions"}],"predecessor-version":[{"id":3356,"href":"https:\/\/www.mediapark.de\/en\/wp-json\/wp\/v2\/pages\/885\/revisions\/3356"}],"up":[{"embeddable":true,"href":"https:\/\/www.mediapark.de\/en\/wp-json\/wp\/v2\/pages\/862"}],"wp:attachment":[{"href":"https:\/\/www.mediapark.de\/en\/wp-json\/wp\/v2\/media?parent=885"}],"curies":[{"name":"wp","href":"https:\/\/api.w.org\/{rel}","templated":true}]}}