{"id":888,"date":"2017-04-26T08:53:56","date_gmt":"2017-04-26T06:53:56","guid":{"rendered":"http:\/\/www.mediapark.de\/?page_id=888\/"},"modified":"2018-04-12T17:05:00","modified_gmt":"2018-04-12T15:05:00","slug":"im-mediapark-10","status":"publish","type":"page","link":"https:\/\/www.mediapark.de\/en\/location-mediapark\/buildings\/im-mediapark-10\/","title":{"rendered":"Im MediaPark 10"},"content":{"rendered":"<div class=\"wpb-content-wrapper\"><p>[vc_row][vc_column][vc_single_image image=&#8221;2624&#8243; img_size=&#8221;full&#8221; alignment=&#8221;center&#8221; el_class=&#8221;content-title-image&#8221;][\/vc_column][\/vc_row][vc_row el_class=&#8221;flex-row&#8221;][vc_column offset=&#8221;vc_col-lg-3 vc_col-md-4 vc_col-xs-12&#8243; el_class=&#8221;float-sm-right&#8221;][\/vc_column][vc_column css=&#8221;.vc_custom_1496213929825{background-color: #ffffff !important;}&#8221; offset=&#8221;vc_col-lg-9 vc_col-md-8 vc_col-xs-12&#8243; el_class=&#8221;float-sm-left&#8221;][vc_row_inner][vc_column_inner el_class=&#8221;content-headline&#8221;][vc_column_text]<\/p>\n<h1>In MediaPark 10<\/h1>\n<p>[\/vc_column_text][\/vc_column_inner][\/vc_row_inner][vc_column_text]<b>Gross floor area: <\/b>5.681m\u00b2<b><br \/>\nRental area:<\/b> 2.950m\u00b2<b><br \/>\nEnclosed space: <\/b>16.789m\u00b3<b><br \/>\nConstruction type: <\/b>Reinforced concrete\/dry mortarless construction<b><br \/>\nParking area\/spaces: <\/b>40<b><br \/>\nYear of construction: <\/b>1996<b><br \/>\nClient: <\/b>CONTRACT Grundst\u00fccks und Planungsgesellschaft mbH<br \/>\nMarkt 4, 07545 Gera \/ Achterstra\u00dfe 45 50678 K\u00f6ln[\/vc_column_text][vc_column_text]<b>Architect:<\/b> Steidle + Partner<br \/>\nFrankenwerft 5<br \/>\n50667 K\u00f6ln<br \/>\nContact: Schmitz-Architekten<br \/>\nFrankenwerft 5<br \/>\n50667 K\u00f6ln<br \/>\nFon:0221\/25 78 73-0<br \/>\nFax:0221\/25 78 73 6<br \/>\nE-mail: <a class=\"mail\" title=\"Opens window for sending email\" href=\"mailto:info@schmitz-architekten.de\">info@schmitz-architekten.de<\/a><br \/>\n<a class=\"external-link-new-window\" title=\"Opens external link in new window\" href=\"http:\/\/www.schmitz-architekten.de\/\">www.schmitz-architekten.de\u00a0<\/a>[\/vc_column_text][vc_gallery type=&#8221;image_grid&#8221; images=&#8221;2626&#8243;][\/vc_column][\/vc_row]<\/p>\n<\/div>","protected":false},"excerpt":{"rendered":"<p>[vc_row][vc_column][vc_single_image image=&#8221;2624&#8243; img_size=&#8221;full&#8221; alignment=&#8221;center&#8221; el_class=&#8221;content-title-image&#8221;][\/vc_column][\/vc_row][vc_row el_class=&#8221;flex-row&#8221;][vc_column offset=&#8221;vc_col-lg-3 vc_col-md-4 vc_col-xs-12&#8243; el_class=&#8221;float-sm-right&#8221;][\/vc_column][vc_column css=&#8221;.vc_custom_1496213929825{background-color: #ffffff !important;}&#8221; offset=&#8221;vc_col-lg-9 vc_col-md-8 vc_col-xs-12&#8243; el_class=&#8221;float-sm-left&#8221;][vc_row_inner][vc_column_inner el_class=&#8221;content-headline&#8221;][vc_column_text] In MediaPark 10 [\/vc_column_text][\/vc_column_inner][\/vc_row_inner][vc_column_text]Gross floor area: 5.681m\u00b2 Rental area: 2.950m\u00b2 Enclosed space: 16.789m\u00b3 Construction type: Reinforced concrete\/dry mortarless construction Parking area\/spaces: 40 Year of construction: 1996 Client: CONTRACT Grundst\u00fccks und Planungsgesellschaft mbH Markt 4, 07545 Gera \/&hellip;<\/p>\n","protected":false},"author":1,"featured_media":0,"parent":862,"menu_order":11,"comment_status":"closed","ping_status":"closed","template":"","meta":{"_acf_changed":false,"footnotes":""},"class_list":["post-888","page","type-page","status-publish","hentry"],"acf":[],"yoast_head":"<!-- This site is optimized with the Yoast SEO plugin v24.2 - https:\/\/yoast.com\/wordpress\/plugins\/seo\/ -->\n<title>Im MediaPark 10 - MediaPark K\u00f6ln<\/title>\n<meta name=\"description\" content=\"Das 6-geschossige Geb\u00e4ude des MediaPark 10 (Wohnschlange) liegt dirket zwischen der gr\u00fcn- und Seeanlage des MediaPark und dem Gr\u00fcng\u00fcrtel.\" \/>\n<meta name=\"robots\" content=\"index, follow, max-snippet:-1, max-image-preview:large, max-video-preview:-1\" \/>\n<link rel=\"canonical\" href=\"https:\/\/www.mediapark.de\/der-mediapark\/gebaeude\/im-mediapark-10\/\" \/>\n<meta property=\"og:locale\" content=\"en_US\" \/>\n<meta property=\"og:type\" content=\"article\" \/>\n<meta property=\"og:title\" content=\"Im MediaPark 10 - MediaPark K\u00f6ln\" \/>\n<meta property=\"og:description\" content=\"Das 6-geschossige Geb\u00e4ude des MediaPark 10 (Wohnschlange) liegt dirket zwischen der gr\u00fcn- und Seeanlage des MediaPark und dem Gr\u00fcng\u00fcrtel.\" \/>\n<meta property=\"og:url\" content=\"https:\/\/www.mediapark.de\/der-mediapark\/gebaeude\/im-mediapark-10\/\" \/>\n<meta property=\"og:site_name\" content=\"MediaPark K\u00f6ln\" \/>\n<meta property=\"article:publisher\" content=\"http:\/\/www.facebook.com\/pages\/MediaPark\/360959134018223\" \/>\n<meta property=\"article:modified_time\" content=\"2018-04-12T15:05:00+00:00\" \/>\n<meta name=\"twitter:card\" content=\"summary_large_image\" \/>\n<meta name=\"twitter:site\" content=\"@MediaParkKoeln\" \/>\n<meta name=\"twitter:label1\" content=\"Est. reading time\" \/>\n\t<meta name=\"twitter:data1\" content=\"1 minute\" \/>\n<script type=\"application\/ld+json\" class=\"yoast-schema-graph\">{\"@context\":\"https:\/\/schema.org\",\"@graph\":[{\"@type\":\"WebPage\",\"@id\":\"https:\/\/www.mediapark.de\/der-mediapark\/gebaeude\/im-mediapark-10\/\",\"url\":\"https:\/\/www.mediapark.de\/der-mediapark\/gebaeude\/im-mediapark-10\/\",\"name\":\"Im MediaPark 10 - MediaPark K\u00f6ln\",\"isPartOf\":{\"@id\":\"https:\/\/www.mediapark.de\/#website\"},\"datePublished\":\"2017-04-26T06:53:56+00:00\",\"dateModified\":\"2018-04-12T15:05:00+00:00\",\"description\":\"Das 6-geschossige Geb\u00e4ude des MediaPark 10 (Wohnschlange) liegt dirket zwischen der gr\u00fcn- und Seeanlage des MediaPark und dem Gr\u00fcng\u00fcrtel.\",\"breadcrumb\":{\"@id\":\"https:\/\/www.mediapark.de\/der-mediapark\/gebaeude\/im-mediapark-10\/#breadcrumb\"},\"inLanguage\":\"en-US\",\"potentialAction\":[{\"@type\":\"ReadAction\",\"target\":[\"https:\/\/www.mediapark.de\/der-mediapark\/gebaeude\/im-mediapark-10\/\"]}]},{\"@type\":\"BreadcrumbList\",\"@id\":\"https:\/\/www.mediapark.de\/der-mediapark\/gebaeude\/im-mediapark-10\/#breadcrumb\",\"itemListElement\":[{\"@type\":\"ListItem\",\"position\":1,\"name\":\"Startseite\",\"item\":\"https:\/\/www.mediapark.de\/en\/\"},{\"@type\":\"ListItem\",\"position\":2,\"name\":\"Location MediaPark\",\"item\":\"https:\/\/www.mediapark.de\/en\/location-mediapark\/\"},{\"@type\":\"ListItem\",\"position\":3,\"name\":\"Buildings\",\"item\":\"https:\/\/www.mediapark.de\/en\/location-mediapark\/buildings\/\"},{\"@type\":\"ListItem\",\"position\":4,\"name\":\"Im MediaPark 10\"}]},{\"@type\":\"WebSite\",\"@id\":\"https:\/\/www.mediapark.de\/#website\",\"url\":\"https:\/\/www.mediapark.de\/\",\"name\":\"MediaPark K\u00f6ln\",\"description\":\"\",\"potentialAction\":[{\"@type\":\"SearchAction\",\"target\":{\"@type\":\"EntryPoint\",\"urlTemplate\":\"https:\/\/www.mediapark.de\/?s={search_term_string}\"},\"query-input\":{\"@type\":\"PropertyValueSpecification\",\"valueRequired\":true,\"valueName\":\"search_term_string\"}}],\"inLanguage\":\"en-US\"}]}<\/script>\n<!-- \/ Yoast SEO plugin. -->","yoast_head_json":{"title":"Im MediaPark 10 - MediaPark K\u00f6ln","description":"Das 6-geschossige Geb\u00e4ude des MediaPark 10 (Wohnschlange) liegt dirket zwischen der gr\u00fcn- und Seeanlage des MediaPark und dem Gr\u00fcng\u00fcrtel.","robots":{"index":"index","follow":"follow","max-snippet":"max-snippet:-1","max-image-preview":"max-image-preview:large","max-video-preview":"max-video-preview:-1"},"canonical":"https:\/\/www.mediapark.de\/der-mediapark\/gebaeude\/im-mediapark-10\/","og_locale":"en_US","og_type":"article","og_title":"Im MediaPark 10 - MediaPark K\u00f6ln","og_description":"Das 6-geschossige Geb\u00e4ude des MediaPark 10 (Wohnschlange) liegt dirket zwischen der gr\u00fcn- und Seeanlage des MediaPark und dem Gr\u00fcng\u00fcrtel.","og_url":"https:\/\/www.mediapark.de\/der-mediapark\/gebaeude\/im-mediapark-10\/","og_site_name":"MediaPark K\u00f6ln","article_publisher":"http:\/\/www.facebook.com\/pages\/MediaPark\/360959134018223","article_modified_time":"2018-04-12T15:05:00+00:00","twitter_card":"summary_large_image","twitter_site":"@MediaParkKoeln","twitter_misc":{"Est. reading time":"1 minute"},"schema":{"@context":"https:\/\/schema.org","@graph":[{"@type":"WebPage","@id":"https:\/\/www.mediapark.de\/der-mediapark\/gebaeude\/im-mediapark-10\/","url":"https:\/\/www.mediapark.de\/der-mediapark\/gebaeude\/im-mediapark-10\/","name":"Im MediaPark 10 - MediaPark K\u00f6ln","isPartOf":{"@id":"https:\/\/www.mediapark.de\/#website"},"datePublished":"2017-04-26T06:53:56+00:00","dateModified":"2018-04-12T15:05:00+00:00","description":"Das 6-geschossige Geb\u00e4ude des MediaPark 10 (Wohnschlange) liegt dirket zwischen der gr\u00fcn- und Seeanlage des MediaPark und dem Gr\u00fcng\u00fcrtel.","breadcrumb":{"@id":"https:\/\/www.mediapark.de\/der-mediapark\/gebaeude\/im-mediapark-10\/#breadcrumb"},"inLanguage":"en-US","potentialAction":[{"@type":"ReadAction","target":["https:\/\/www.mediapark.de\/der-mediapark\/gebaeude\/im-mediapark-10\/"]}]},{"@type":"BreadcrumbList","@id":"https:\/\/www.mediapark.de\/der-mediapark\/gebaeude\/im-mediapark-10\/#breadcrumb","itemListElement":[{"@type":"ListItem","position":1,"name":"Startseite","item":"https:\/\/www.mediapark.de\/en\/"},{"@type":"ListItem","position":2,"name":"Location MediaPark","item":"https:\/\/www.mediapark.de\/en\/location-mediapark\/"},{"@type":"ListItem","position":3,"name":"Buildings","item":"https:\/\/www.mediapark.de\/en\/location-mediapark\/buildings\/"},{"@type":"ListItem","position":4,"name":"Im MediaPark 10"}]},{"@type":"WebSite","@id":"https:\/\/www.mediapark.de\/#website","url":"https:\/\/www.mediapark.de\/","name":"MediaPark K\u00f6ln","description":"","potentialAction":[{"@type":"SearchAction","target":{"@type":"EntryPoint","urlTemplate":"https:\/\/www.mediapark.de\/?s={search_term_string}"},"query-input":{"@type":"PropertyValueSpecification","valueRequired":true,"valueName":"search_term_string"}}],"inLanguage":"en-US"}]}},"_links":{"self":[{"href":"https:\/\/www.mediapark.de\/en\/wp-json\/wp\/v2\/pages\/888","targetHints":{"allow":["GET"]}}],"collection":[{"href":"https:\/\/www.mediapark.de\/en\/wp-json\/wp\/v2\/pages"}],"about":[{"href":"https:\/\/www.mediapark.de\/en\/wp-json\/wp\/v2\/types\/page"}],"author":[{"embeddable":true,"href":"https:\/\/www.mediapark.de\/en\/wp-json\/wp\/v2\/users\/1"}],"replies":[{"embeddable":true,"href":"https:\/\/www.mediapark.de\/en\/wp-json\/wp\/v2\/comments?post=888"}],"version-history":[{"count":6,"href":"https:\/\/www.mediapark.de\/en\/wp-json\/wp\/v2\/pages\/888\/revisions"}],"predecessor-version":[{"id":3357,"href":"https:\/\/www.mediapark.de\/en\/wp-json\/wp\/v2\/pages\/888\/revisions\/3357"}],"up":[{"embeddable":true,"href":"https:\/\/www.mediapark.de\/en\/wp-json\/wp\/v2\/pages\/862"}],"wp:attachment":[{"href":"https:\/\/www.mediapark.de\/en\/wp-json\/wp\/v2\/media?parent=888"}],"curies":[{"name":"wp","href":"https:\/\/api.w.org\/{rel}","templated":true}]}}