{"id":912,"date":"2017-05-11T16:19:29","date_gmt":"2017-05-11T14:19:29","guid":{"rendered":"http:\/\/www.mediapark.de\/?page_id=912\/"},"modified":"2017-05-11T16:19:29","modified_gmt":"2017-05-11T14:19:29","slug":"terms-of-use","status":"publish","type":"page","link":"https:\/\/www.mediapark.de\/en\/terms-of-use\/","title":{"rendered":"Terms of use"},"content":{"rendered":"<div class=\"wpb-content-wrapper\"><p>[vc_row][vc_column css=&#8221;.vc_custom_1494240202236{background-color: #ffffff !important;}&#8221; offset=&#8221;vc_col-lg-12 vc_col-md-12 vc_col-xs-12&#8243;][vc_row_inner][vc_column_inner el_class=&#8221;content-headline&#8221;][vc_column_text]<\/p>\n<h1>Terms of use www.mediapark.de<\/h1>\n<p>[\/vc_column_text][\/vc_column_inner][\/vc_row_inner][vc_column_text]<\/p>\n<p class=\"bodytext\"><b><\/b><b>\u00a7 1<br \/>\nGeltungsbereich <\/b><br \/>\nF\u00fcr die Nutzung der Website<b> www.mediapark.de u<\/b>nd die darin enthaltenen Websites, Sub-Domains und Angebote gelten im Verh\u00e4ltnis zwischen dem Nutzer und dem Betreiber der Seite (im Folgenden: Anbieter) die folgenden Nutzungsbedingungen. Die Nutzung der Community- und Redaktionsfunktionen (im Folgenden Community) ist nur zul\u00e4ssig, wenn der Nutzer diese Nutzungsbedingungen akzeptiert.<\/p>\n<p class=\"bodytext\"><b>\u00a7 2<br \/>\nRegistrierung, Teilnahme, Mitgliedschaft in der Community <\/b><br \/>\n(1) Voraussetzung f\u00fcr die Nutzung der Community ist eine vorherige Registrierung des Nutzers durch den Anbieter. Mit der erfolgreichen Registrierung wird der Nutzer Mitglied der Community. Der Nutzer erkennt mit der Registrierung die Nutzungsbedingungen an. Er ist verpflichtet die zur Registrierung n\u00f6tigen Pflichtangaben wahrheitsgem\u00e4\u00df auszuf\u00fcllen. Die in der Registrierung hinterlegten Daten werden gem\u00e4\u00df der Datenschutzrichtlinien des Betreibers behandelt.<\/p>\n<p>(2) Es besteht kein Anspruch auf eine Mitgliedschaft. Eine Registrierung und Mitgliedschaft muss beim Anbieter beantragt werden.<\/p>\n<p>(3) Der Nutzer darf seinen Zugang nicht Dritten zur Nutzung \u00fcberlassen. Der Nutzer ist verpflichtet, seine Zugangsdaten geheim zu halten und vor dem Zugriff Dritter zu sch\u00fctzen. Sollte dem Nutzer der Missbrauch seines Zugangs, der Verlust seiner Zugangsdaten oder der Verdacht einer missbr\u00e4uchlichen Nutzung seines Zugangs bekannt werden, hat der Nutzer dies gegen\u00fcber dem Betreiber anzuzeigen. Der Betreiber wird daraufhin den Zugang vor\u00fcbergehend sperren und zusammen mit dem Nutzer Ma\u00dfnahmen ergreifen, um den Zugang und die Daten dem rechtm\u00e4\u00dfigen Eigent\u00fcmer zur\u00fcckzuf\u00fchren.<br \/>\n<b><br \/>\n\u00a7 3<br \/>\nLeistungen des Anbieters <\/b><br \/>\n(1) Der Anbieter gestattet dem Nutzer, im Rahmen dieser Nutzungsbedingungen Beitr\u00e4ge, Unternehmensdaten und Dateien auf seiner Webseite zur Ver\u00f6ffentlichung vorzuschlagen. Der Anbieter stellt den Nutzern dazu im Rahmen seiner technischen und wirtschaftlichen M\u00f6glichkeiten unentgeltlich einen Redaktionszugang zur Verf\u00fcgung. Der Anbieter ist bem\u00fcht, seinen Dienst verf\u00fcgbar zu halten. Der Anbieter \u00fcbernimmt keine dar\u00fcber hinausgehenden Leistungspflichten. Insbesondere besteht kein Anspruch des Nutzers auf eine st\u00e4ndige Verf\u00fcgbarkeit des Dienstes.<\/p>\n<p>(2) Der Anbieter \u00fcbernimmt keine Gew\u00e4hr f\u00fcr die Richtigkeit, Vollst\u00e4ndigkeit, Verl\u00e4sslichkeit, Aktualit\u00e4t und Brauchbarkeit der bereit gestellten Inhalte.<br \/>\n<b><br \/>\n\u00a7 4<br \/>\nHaftungsausschluss <\/b><br \/>\n(1) Schadensersatzanspr\u00fcche des Nutzers sind ausgeschlossen, soweit nachfolgend nichts anderes bestimmt ist. Der vorstehende Haftungsausschluss gilt auch zugunsten der gesetzlichen Vertreter und Erf\u00fcllungsgehilfen des Anbieters, sofern der Nutzer Anspr\u00fcche gegen diese geltend macht.<\/p>\n<p>(2) Von dem in Absatz 1 bestimmten Haftungsausschluss ausgenommen sind Schadensersatzanspr\u00fcche aufgrund einer Verletzung des Lebens, des K\u00f6rpers, der Gesundheit und Schadensersatzanspr\u00fcche aus der Verletzung wesentlicher Vertragspflichten. Wesentliche Vertragspflichten sind solche, deren Erf\u00fcllung zur Erreichung des Ziels des Vertrags notwendig ist. Von dem Haftungsausschluss ebenfalls ausgenommen ist die Haftung f\u00fcr Sch\u00e4den, die auf einer vors\u00e4tzlichen oder grob fahrl\u00e4ssigen Pflichtverletzung des Anbieters, seiner gesetzlichen Vertreter oder Erf\u00fcllungsgehilfen beruhen.<\/p>\n<p><b>\u00a7 5<br \/>\nPflichten des Nutzers <\/b><br \/>\n(1) Der Nutzer verpflichtet sich gegen\u00fcber dem Anbieter, keine Beitr\u00e4ge zu ver\u00f6ffentlichen, die gegen die guten Sitten oder geltendes Recht versto\u00dfen. Der Nutzer verpflichtet sich insbesondere dazu, keine Beitr\u00e4ge zu ver\u00f6ffentlichen,<br \/>\n\u2022\u00a0\u00a0 \u00a0deren Ver\u00f6ffentlichung einen Straftatbestand erf\u00fcllt oder eine Ordnungswidrigkeit darstellt,<br \/>\n\u2022\u00a0\u00a0 \u00a0die gegen das Urheberrecht, Markenrecht oder Wettbewerbsrecht versto\u00dfen,<br \/>\n\u2022\u00a0\u00a0 \u00a0die gegen das Rechtsdienstleistungsgesetz versto\u00dfen,<br \/>\n\u2022\u00a0\u00a0 \u00a0die beleidigenden, rassistischen, diskriminierenden oder pornographischen Inhalt haben,<br \/>\n\u2022\u00a0\u00a0 \u00a0die Werbung enthalten.<br \/>\nMit dem Vorschlagen von Nachrichten und Dateien an den Anbieter, versichert der Nutzer dem Anbieter automatisch, im Besitz der daf\u00fcr erforderlichen Rechte zu sein. Dar\u00fcber hinaus ist der Nutzer verpflichtet die Rechte Dritter, die mit der Ver\u00f6ffentlichung von Nachrichten und Dateien in Verbindung stehen, selbstst\u00e4ndig zu wahren und bei Bedarf seine Beitr\u00e4ge entsprechend zu kennzeichnen.<\/p>\n<p>(2) Bei einem Versto\u00df gegen die Verpflichtung aus Absatz 1 ist der Anbieter berechtigt, die entsprechenden Beitr\u00e4ge abzu\u00e4ndern oder zu l\u00f6schen und den Zugang des Nutzers zu sperren. Der Nutzer ist verpflichtet, dem Anbieter den durch die Pflichtverletzung entstandenen Schaden zu ersetzen.<\/p>\n<p>(3) Der Anbieter hat das Recht, Beitr\u00e4ge und Inhalte zu l\u00f6schen, wenn diese einen Rechtsversto\u00df enthalten k\u00f6nnten.<\/p>\n<p>(4) Der Anbieter hat gegen den Nutzer einen Anspruch auf Freistellung von Anspr\u00fcchen Dritter, die diese wegen der Verletzung eines Rechts durch den Nutzer geltend machen. Der Nutzer verpflichtet sich, den Anbieter bei der Abwehr derartiger Anspr\u00fcche zu unterst\u00fctzen. Der Nutzer ist au\u00dferdem verpflichtet, die Kosten einer angemessenen Rechtsverteidigung des Anbieters zu tragen.<\/p>\n<p><b>\u00a7 6<br \/>\n\u00dcbertragung von Nutzungsrechten <\/b><br \/>\n(1) Das Urheberrecht f\u00fcr die vorgeschlagenen und eingestellten Beitr\u00e4ge verbleibt beim jeweiligen Nutzer. Der Nutzer r\u00e4umt dem Anbieter mit dem Einstellen seines Beitrags in das Forum jedoch das Recht ein, den Beitrag dauerhaft auf seiner Webseite zum Abruf bereitzuhalten und \u00f6ffentlich zug\u00e4nglich zu machen. Der Anbieter ist zu einer Ver\u00f6ffentlichung der durch den Nutzer angelegten Inhalte und Nachrichten nicht verpflichtet. Der Anbieter hat das Recht, Beitr\u00e4ge innerhalb seiner Webseite zu verschieben und mit anderen Inhalten zu verbinden.<\/p>\n<p>(2) Der Nutzer hat gegen den Anbieter keinen Anspruch auf L\u00f6schung oder Berichtigung von ihm erstellter Beitr\u00e4ge.<\/p>\n<p><b>\u00a7 7<br \/>\nBeendigung der Mitgliedschaft <\/b><br \/>\n(1) Der Nutzer kann seine Mitgliedschaft durch eine entsprechende Erkl\u00e4rung gegen\u00fcber dem Anbieter ohne Einhaltung einer Frist beenden. Auf Verlangen wird der Anbieter daraufhin den Zugang des Nutzers sperren.<\/p>\n<p>(2) Der Anbieter ist berechtigt, die Mitgliedschaft eines Nutzers unter Einhaltung einer Frist von 2 Wochen ohne Angabe von Gr\u00fcnden zum Monatsende zu k\u00fcndigen.<\/p>\n<p>(3) Bei Vorliegen eines wichtigen Grundes ist der Anbieter berechtigt, den Zugang des Nutzers sofort zu sperren und die Mitgliedschaft ohne Einhaltung einer Frist zu k\u00fcndigen.<\/p>\n<p>(4) Der Anbieter ist nach Beendigung der Mitgliedschaft berechtigt, den Zugang des Nutzers zu sperren. Der Anbieter ist berechtigt aber nicht verpflichtet, im Falle der Beendigung der Mitgliedschaft die vom Nutzer erstellten Inhalte zu l\u00f6schen. Ein Anspruch des Nutzers auf \u00dcberlassung der erstellten Inhalte wird ausgeschlossen.<\/p>\n<p><b>\u00a7 8<br \/>\n\u00c4nderung oder Einstellung des Angebots <\/b><br \/>\n(1) Der Anbieter ist berechtigt, \u00c4nderungen an seinem Dienst vorzunehmen. Er ist nicht verpflichtet diese \u00c4nderungen, sofern sie diese Nutzungsbedingungen nicht betreffen, gegen\u00fcber dem Nutzer anzuzeigen.<\/p>\n<p>(2) Der Anbieter hat das Recht die Nutzungsbedingungen zu \u00e4ndern. Er verpflichtet sich eine entsprechende \u00c4nderung dem Nutzer mit einer Frist von 2 Wochen vor dem Inkrafttreten anzuzeigen. Der Nutzer kann den Nutzungsbedingungen in schriftlicher Form per E-Mail widersprechen. Bei Widerspruch zu \u00c4nderungen der Nutzgerbdingungen hat der Anbieter das Recht den Nutzer von dem Angebote durch Sperrung des Kontos auszuschlie\u00dfen. Wird den Nutzungsbedingungen nicht widersprochen, erkennt der Nutzer die neuen Nutzungsbedingungen durch den ersten Login nach Inkrafttreten automatisch an.<\/p>\n<p>(2) Der Anbieter ist berechtigt, seinen Dienst unter Einhaltung einer Ank\u00fcndigungsfrist von 2 Wochen zu beenden. Im Falle der Beendigung seines Dienstes ist der Anbieter berechtigt aber nicht verpflichtet, die von den Nutzern erstellten Inhalte zu l\u00f6schen.<\/p>\n<p><b>\u00a7 9<br \/>\nRechtswahl <\/b><br \/>\nAuf die vertraglichen Beziehungen zwischen dem Anbieter und dem Nutzer findet das Recht der Bundesrepublik Deutschland Anwendung. Von dieser Rechtswahl ausgenommen sind die zwingenden Verbraucherschutzvorschriften des Landes, in dem der Nutzer seinen gew\u00f6hnlichen Aufenthalt hat.<\/p>\n<p>[\/vc_column_text][\/vc_column][\/vc_row]<\/p>\n<\/div>","protected":false},"excerpt":{"rendered":"<p>[vc_row][vc_column css=&#8221;.vc_custom_1494240202236{background-color: #ffffff !important;}&#8221; offset=&#8221;vc_col-lg-12 vc_col-md-12 vc_col-xs-12&#8243;][vc_row_inner][vc_column_inner el_class=&#8221;content-headline&#8221;][vc_column_text] Terms of use www.mediapark.de [\/vc_column_text][\/vc_column_inner][\/vc_row_inner][vc_column_text] \u00a7 1 Geltungsbereich F\u00fcr die Nutzung der Website www.mediapark.de und die darin enthaltenen Websites, Sub-Domains und Angebote gelten im Verh\u00e4ltnis zwischen dem Nutzer und dem Betreiber der Seite (im Folgenden: Anbieter) die folgenden Nutzungsbedingungen. Die Nutzung der Community- und Redaktionsfunktionen (im Folgenden&hellip;<\/p>\n","protected":false},"author":1,"featured_media":0,"parent":0,"menu_order":10,"comment_status":"closed","ping_status":"closed","template":"","meta":{"_acf_changed":false,"footnotes":""},"class_list":["post-912","page","type-page","status-publish","hentry"],"acf":[],"yoast_head":"<!-- This site is optimized with the Yoast SEO plugin v24.2 - https:\/\/yoast.com\/wordpress\/plugins\/seo\/ -->\n<title>Terms of use - MediaPark K\u00f6ln<\/title>\n<meta name=\"robots\" content=\"index, follow, max-snippet:-1, max-image-preview:large, max-video-preview:-1\" \/>\n<link rel=\"canonical\" href=\"https:\/\/www.mediapark.de\/en\/terms-of-use\/\" \/>\n<meta property=\"og:locale\" content=\"en_US\" \/>\n<meta property=\"og:type\" content=\"article\" \/>\n<meta property=\"og:title\" content=\"Terms of use - MediaPark K\u00f6ln\" \/>\n<meta property=\"og:description\" content=\"[vc_row][vc_column css=&#8221;.vc_custom_1494240202236{background-color: #ffffff !important;}&#8221; offset=&#8221;vc_col-lg-12 vc_col-md-12 vc_col-xs-12&#8243;][vc_row_inner][vc_column_inner el_class=&#8221;content-headline&#8221;][vc_column_text] Terms of use www.mediapark.de [\/vc_column_text][\/vc_column_inner][\/vc_row_inner][vc_column_text] \u00a7 1 Geltungsbereich F\u00fcr die Nutzung der Website www.mediapark.de und die darin enthaltenen Websites, Sub-Domains und Angebote gelten im Verh\u00e4ltnis zwischen dem Nutzer und dem Betreiber der Seite (im Folgenden: Anbieter) die folgenden Nutzungsbedingungen. Die Nutzung der Community- und Redaktionsfunktionen (im Folgenden&hellip;\" \/>\n<meta property=\"og:url\" content=\"https:\/\/www.mediapark.de\/en\/terms-of-use\/\" \/>\n<meta property=\"og:site_name\" content=\"MediaPark K\u00f6ln\" \/>\n<meta property=\"article:publisher\" content=\"http:\/\/www.facebook.com\/pages\/MediaPark\/360959134018223\" \/>\n<meta name=\"twitter:card\" content=\"summary_large_image\" \/>\n<meta name=\"twitter:site\" content=\"@MediaParkKoeln\" \/>\n<meta name=\"twitter:label1\" content=\"Est. reading time\" \/>\n\t<meta name=\"twitter:data1\" content=\"6 minutes\" \/>\n<script type=\"application\/ld+json\" class=\"yoast-schema-graph\">{\"@context\":\"https:\/\/schema.org\",\"@graph\":[{\"@type\":\"WebPage\",\"@id\":\"https:\/\/www.mediapark.de\/en\/terms-of-use\/\",\"url\":\"https:\/\/www.mediapark.de\/en\/terms-of-use\/\",\"name\":\"Terms of use - MediaPark K\u00f6ln\",\"isPartOf\":{\"@id\":\"https:\/\/www.mediapark.de\/#website\"},\"datePublished\":\"2017-05-11T14:19:29+00:00\",\"dateModified\":\"2017-05-11T14:19:29+00:00\",\"breadcrumb\":{\"@id\":\"https:\/\/www.mediapark.de\/en\/terms-of-use\/#breadcrumb\"},\"inLanguage\":\"en-US\",\"potentialAction\":[{\"@type\":\"ReadAction\",\"target\":[\"https:\/\/www.mediapark.de\/en\/terms-of-use\/\"]}]},{\"@type\":\"BreadcrumbList\",\"@id\":\"https:\/\/www.mediapark.de\/en\/terms-of-use\/#breadcrumb\",\"itemListElement\":[{\"@type\":\"ListItem\",\"position\":1,\"name\":\"Startseite\",\"item\":\"https:\/\/www.mediapark.de\/en\/\"},{\"@type\":\"ListItem\",\"position\":2,\"name\":\"Terms of use\"}]},{\"@type\":\"WebSite\",\"@id\":\"https:\/\/www.mediapark.de\/#website\",\"url\":\"https:\/\/www.mediapark.de\/\",\"name\":\"MediaPark K\u00f6ln\",\"description\":\"\",\"potentialAction\":[{\"@type\":\"SearchAction\",\"target\":{\"@type\":\"EntryPoint\",\"urlTemplate\":\"https:\/\/www.mediapark.de\/?s={search_term_string}\"},\"query-input\":{\"@type\":\"PropertyValueSpecification\",\"valueRequired\":true,\"valueName\":\"search_term_string\"}}],\"inLanguage\":\"en-US\"}]}<\/script>\n<!-- \/ Yoast SEO plugin. -->","yoast_head_json":{"title":"Terms of use - MediaPark K\u00f6ln","robots":{"index":"index","follow":"follow","max-snippet":"max-snippet:-1","max-image-preview":"max-image-preview:large","max-video-preview":"max-video-preview:-1"},"canonical":"https:\/\/www.mediapark.de\/en\/terms-of-use\/","og_locale":"en_US","og_type":"article","og_title":"Terms of use - MediaPark K\u00f6ln","og_description":"[vc_row][vc_column css=&#8221;.vc_custom_1494240202236{background-color: #ffffff !important;}&#8221; offset=&#8221;vc_col-lg-12 vc_col-md-12 vc_col-xs-12&#8243;][vc_row_inner][vc_column_inner el_class=&#8221;content-headline&#8221;][vc_column_text] Terms of use www.mediapark.de [\/vc_column_text][\/vc_column_inner][\/vc_row_inner][vc_column_text] \u00a7 1 Geltungsbereich F\u00fcr die Nutzung der Website www.mediapark.de und die darin enthaltenen Websites, Sub-Domains und Angebote gelten im Verh\u00e4ltnis zwischen dem Nutzer und dem Betreiber der Seite (im Folgenden: Anbieter) die folgenden Nutzungsbedingungen. Die Nutzung der Community- und Redaktionsfunktionen (im Folgenden&hellip;","og_url":"https:\/\/www.mediapark.de\/en\/terms-of-use\/","og_site_name":"MediaPark K\u00f6ln","article_publisher":"http:\/\/www.facebook.com\/pages\/MediaPark\/360959134018223","twitter_card":"summary_large_image","twitter_site":"@MediaParkKoeln","twitter_misc":{"Est. reading time":"6 minutes"},"schema":{"@context":"https:\/\/schema.org","@graph":[{"@type":"WebPage","@id":"https:\/\/www.mediapark.de\/en\/terms-of-use\/","url":"https:\/\/www.mediapark.de\/en\/terms-of-use\/","name":"Terms of use - MediaPark K\u00f6ln","isPartOf":{"@id":"https:\/\/www.mediapark.de\/#website"},"datePublished":"2017-05-11T14:19:29+00:00","dateModified":"2017-05-11T14:19:29+00:00","breadcrumb":{"@id":"https:\/\/www.mediapark.de\/en\/terms-of-use\/#breadcrumb"},"inLanguage":"en-US","potentialAction":[{"@type":"ReadAction","target":["https:\/\/www.mediapark.de\/en\/terms-of-use\/"]}]},{"@type":"BreadcrumbList","@id":"https:\/\/www.mediapark.de\/en\/terms-of-use\/#breadcrumb","itemListElement":[{"@type":"ListItem","position":1,"name":"Startseite","item":"https:\/\/www.mediapark.de\/en\/"},{"@type":"ListItem","position":2,"name":"Terms of use"}]},{"@type":"WebSite","@id":"https:\/\/www.mediapark.de\/#website","url":"https:\/\/www.mediapark.de\/","name":"MediaPark K\u00f6ln","description":"","potentialAction":[{"@type":"SearchAction","target":{"@type":"EntryPoint","urlTemplate":"https:\/\/www.mediapark.de\/?s={search_term_string}"},"query-input":{"@type":"PropertyValueSpecification","valueRequired":true,"valueName":"search_term_string"}}],"inLanguage":"en-US"}]}},"_links":{"self":[{"href":"https:\/\/www.mediapark.de\/en\/wp-json\/wp\/v2\/pages\/912","targetHints":{"allow":["GET"]}}],"collection":[{"href":"https:\/\/www.mediapark.de\/en\/wp-json\/wp\/v2\/pages"}],"about":[{"href":"https:\/\/www.mediapark.de\/en\/wp-json\/wp\/v2\/types\/page"}],"author":[{"embeddable":true,"href":"https:\/\/www.mediapark.de\/en\/wp-json\/wp\/v2\/users\/1"}],"replies":[{"embeddable":true,"href":"https:\/\/www.mediapark.de\/en\/wp-json\/wp\/v2\/comments?post=912"}],"version-history":[{"count":1,"href":"https:\/\/www.mediapark.de\/en\/wp-json\/wp\/v2\/pages\/912\/revisions"}],"predecessor-version":[{"id":918,"href":"https:\/\/www.mediapark.de\/en\/wp-json\/wp\/v2\/pages\/912\/revisions\/918"}],"wp:attachment":[{"href":"https:\/\/www.mediapark.de\/en\/wp-json\/wp\/v2\/media?parent=912"}],"curies":[{"name":"wp","href":"https:\/\/api.w.org\/{rel}","templated":true}]}}